{"id":7,"date":"2013-09-18T21:19:57","date_gmt":"2013-09-18T18:19:57","guid":{"rendered":"http:\/\/www.studioannes.fi\/sv\/?page_id=7"},"modified":"2025-08-20T12:55:35","modified_gmt":"2025-08-20T09:55:35","slug":"framsidan","status":"publish","type":"page","link":"https:\/\/www.studioannes.fi\/sv\/","title":{"rendered":"Framsidan"},"content":{"rendered":"\t\t<div data-elementor-type=\"wp-page\" data-elementor-id=\"7\" class=\"elementor elementor-7\">\n\t\t\t\t<div class=\"elementor-element elementor-element-ac45bb3 e-flex e-con-boxed e-con e-parent\" data-id=\"ac45bb3\" data-element_type=\"container\" data-settings=\"{&quot;background_background&quot;:&quot;classic&quot;,&quot;shape_divider_bottom&quot;:&quot;opacity-fan&quot;}\">\n\t\t\t\t\t<div class=\"e-con-inner\">\n\t\t\t\t<div class=\"elementor-shape elementor-shape-bottom\" aria-hidden=\"true\" data-negative=\"false\">\n\t\t\t<svg xmlns=\"http:\/\/www.w3.org\/2000\/svg\" viewBox=\"0 0 283.5 19.6\" preserveAspectRatio=\"none\">\n\t<path class=\"elementor-shape-fill\" style=\"opacity:0.33\" d=\"M0 0L0 18.8 141.8 4.1 283.5 18.8 283.5 0z\"\/>\n\t<path class=\"elementor-shape-fill\" style=\"opacity:0.33\" d=\"M0 0L0 12.6 141.8 4 283.5 12.6 283.5 0z\"\/>\n\t<path class=\"elementor-shape-fill\" style=\"opacity:0.33\" d=\"M0 0L0 6.4 141.8 4 283.5 6.4 283.5 0z\"\/>\n\t<path class=\"elementor-shape-fill\" d=\"M0 0L0 1.2 141.8 4 283.5 1.2 283.5 0z\"\/>\n<\/svg>\t\t<\/div>\n\t\t\t\t<div class=\"elementor-element elementor-element-f214542 elementor-widget elementor-widget-site-logo\" data-id=\"f214542\" data-element_type=\"widget\" data-settings=\"{&quot;width&quot;:{&quot;unit&quot;:&quot;%&quot;,&quot;size&quot;:50,&quot;sizes&quot;:[]},&quot;space&quot;:{&quot;unit&quot;:&quot;%&quot;,&quot;size&quot;:84,&quot;sizes&quot;:[]},&quot;width_mobile&quot;:{&quot;unit&quot;:&quot;%&quot;,&quot;size&quot;:100,&quot;sizes&quot;:[]},&quot;space_mobile&quot;:{&quot;unit&quot;:&quot;%&quot;,&quot;size&quot;:94,&quot;sizes&quot;:[]},&quot;align&quot;:&quot;center&quot;,&quot;width_tablet&quot;:{&quot;unit&quot;:&quot;%&quot;,&quot;size&quot;:&quot;&quot;,&quot;sizes&quot;:[]},&quot;space_tablet&quot;:{&quot;unit&quot;:&quot;%&quot;,&quot;size&quot;:&quot;&quot;,&quot;sizes&quot;:[]},&quot;image_border_radius&quot;:{&quot;unit&quot;:&quot;px&quot;,&quot;top&quot;:&quot;&quot;,&quot;right&quot;:&quot;&quot;,&quot;bottom&quot;:&quot;&quot;,&quot;left&quot;:&quot;&quot;,&quot;isLinked&quot;:true},&quot;image_border_radius_tablet&quot;:{&quot;unit&quot;:&quot;px&quot;,&quot;top&quot;:&quot;&quot;,&quot;right&quot;:&quot;&quot;,&quot;bottom&quot;:&quot;&quot;,&quot;left&quot;:&quot;&quot;,&quot;isLinked&quot;:true},&quot;image_border_radius_mobile&quot;:{&quot;unit&quot;:&quot;px&quot;,&quot;top&quot;:&quot;&quot;,&quot;right&quot;:&quot;&quot;,&quot;bottom&quot;:&quot;&quot;,&quot;left&quot;:&quot;&quot;,&quot;isLinked&quot;:true},&quot;caption_padding&quot;:{&quot;unit&quot;:&quot;px&quot;,&quot;top&quot;:&quot;&quot;,&quot;right&quot;:&quot;&quot;,&quot;bottom&quot;:&quot;&quot;,&quot;left&quot;:&quot;&quot;,&quot;isLinked&quot;:true},&quot;caption_padding_tablet&quot;:{&quot;unit&quot;:&quot;px&quot;,&quot;top&quot;:&quot;&quot;,&quot;right&quot;:&quot;&quot;,&quot;bottom&quot;:&quot;&quot;,&quot;left&quot;:&quot;&quot;,&quot;isLinked&quot;:true},&quot;caption_padding_mobile&quot;:{&quot;unit&quot;:&quot;px&quot;,&quot;top&quot;:&quot;&quot;,&quot;right&quot;:&quot;&quot;,&quot;bottom&quot;:&quot;&quot;,&quot;left&quot;:&quot;&quot;,&quot;isLinked&quot;:true},&quot;caption_space&quot;:{&quot;unit&quot;:&quot;px&quot;,&quot;size&quot;:0,&quot;sizes&quot;:[]},&quot;caption_space_tablet&quot;:{&quot;unit&quot;:&quot;px&quot;,&quot;size&quot;:&quot;&quot;,&quot;sizes&quot;:[]},&quot;caption_space_mobile&quot;:{&quot;unit&quot;:&quot;px&quot;,&quot;size&quot;:&quot;&quot;,&quot;sizes&quot;:[]}}\" data-widget_type=\"site-logo.default\">\n\t\t\t\t<div class=\"elementor-widget-container\">\n\t\t\t\t\t\t\t<div class=\"hfe-site-logo\">\n\t\t\t\t\t\t\t\t\t\t\t\t\t<a data-elementor-open-lightbox=\"\"  class='elementor-clickable' href=\"http:\/\/www.studioannes.fi\/sv\">\n\t\t\t\t\t\t\t<div class=\"hfe-site-logo-set\">           \n\t\t\t\t<div class=\"hfe-site-logo-container\">\n\t\t\t\t\t\t\t\t\t<img decoding=\"async\" class=\"hfe-site-logo-img elementor-animation-\"  src=\"https:\/\/www.studioannes.fi\/sv\/wp-content\/uploads\/2025\/07\/Kopio-tiedostosta-studio_annes_anne_rauhala-03.png\" alt=\"Kopio tiedostosta studio_annes_anne_rauhala-03\"\/>\n\t\t\t\t<\/div>\n\t\t\t<\/div>\n\t\t\t\t\t\t\t<\/a>\n\t\t\t\t\t\t<\/div>  \n\t\t\t\t\t\t\t<\/div>\n\t\t\t\t<\/div>\n\t\t\t\t\t<\/div>\n\t\t\t\t<\/div>\n\t\t<div class=\"elementor-element elementor-element-7b94676a e-flex e-con-boxed e-con e-parent\" data-id=\"7b94676a\" data-element_type=\"container\">\n\t\t\t\t\t<div class=\"e-con-inner\">\n\t\t\t\t<div class=\"elementor-element elementor-element-37931977 elementor-widget elementor-widget-text-editor\" data-id=\"37931977\" data-element_type=\"widget\" data-widget_type=\"text-editor.default\">\n\t\t\t\t<div class=\"elementor-widget-container\">\n\t\t\t\t\t\t\t\t\t<p><strong data-start=\"30\" data-end=\"71\">V\u00e4lkommen till Studio Anne&#8217;s hemsida!<\/strong><br data-start=\"71\" data-end=\"74\" \/><strong>Syatelj\u00e9 i Karleby &#8211; Allt fr\u00e5n blixtl\u00e5sbyte till brudkl\u00e4nning<\/strong><\/p>\t\t\t\t\t\t\t\t<\/div>\n\t\t\t\t<\/div>\n\t\t\t\t\t<\/div>\n\t\t\t\t<\/div>\n\t\t<div class=\"elementor-element elementor-element-236e06c e-flex e-con-boxed e-con e-parent\" data-id=\"236e06c\" data-element_type=\"container\">\n\t\t\t\t\t<div class=\"e-con-inner\">\n\t\t\t\t<div class=\"elementor-element elementor-element-b095bcc elementor-widget elementor-widget-heading\" data-id=\"b095bcc\" data-element_type=\"widget\" data-widget_type=\"heading.default\">\n\t\t\t\t<div class=\"elementor-widget-container\">\n\t\t\t\t\t<h2 class=\"elementor-heading-title elementor-size-default\">Tj\u00e4nster <\/h2>\t\t\t\t<\/div>\n\t\t\t\t<\/div>\n\t\t\t\t\t<\/div>\n\t\t\t\t<\/div>\n\t\t<div class=\"elementor-element elementor-element-db0aa5e e-flex e-con-boxed e-con e-parent\" data-id=\"db0aa5e\" data-element_type=\"container\">\n\t\t\t\t\t<div class=\"e-con-inner\">\n\t\t\t\t<div class=\"elementor-element elementor-element-e0b919e elementor-widget-divider--view-line elementor-widget elementor-widget-divider\" data-id=\"e0b919e\" data-element_type=\"widget\" data-widget_type=\"divider.default\">\n\t\t\t\t<div class=\"elementor-widget-container\">\n\t\t\t\t\t\t\t<div class=\"elementor-divider\">\n\t\t\t<span class=\"elementor-divider-separator\">\n\t\t\t\t\t\t<\/span>\n\t\t<\/div>\n\t\t\t\t\t\t<\/div>\n\t\t\t\t<\/div>\n\t\t\t\t\t<\/div>\n\t\t\t\t<\/div>\n\t\t<div class=\"elementor-element elementor-element-809295c e-flex e-con-boxed e-con e-parent\" data-id=\"809295c\" data-element_type=\"container\">\n\t\t\t\t\t<div class=\"e-con-inner\">\n\t\t\t\t<div class=\"elementor-element elementor-element-157f733 elementor-widget elementor-widget-spacer\" data-id=\"157f733\" data-element_type=\"widget\" data-widget_type=\"spacer.default\">\n\t\t\t\t<div class=\"elementor-widget-container\">\n\t\t\t\t\t\t\t<div class=\"elementor-spacer\">\n\t\t\t<div class=\"elementor-spacer-inner\"><\/div>\n\t\t<\/div>\n\t\t\t\t\t\t<\/div>\n\t\t\t\t<\/div>\n\t\t\t\t\t<\/div>\n\t\t\t\t<\/div>\n\t\t<div class=\"elementor-element elementor-element-0e40c4c e-grid e-con-boxed e-con e-parent\" data-id=\"0e40c4c\" data-element_type=\"container\">\n\t\t\t\t\t<div class=\"e-con-inner\">\n\t\t\t\t<div class=\"elementor-element elementor-element-2297bca elementor-widget elementor-widget-image\" data-id=\"2297bca\" data-element_type=\"widget\" data-widget_type=\"image.default\">\n\t\t\t\t<div class=\"elementor-widget-container\">\n\t\t\t\t\t\t\t\t\t\t\t\t\t\t\t\t<a href=\"https:\/\/www.studioannes.fi\/sv\/mattbestallningssomnad\/\">\n\t\t\t\t\t\t\t<img fetchpriority=\"high\" decoding=\"async\" width=\"800\" height=\"533\" src=\"https:\/\/www.studioannes.fi\/sv\/wp-content\/uploads\/2025\/07\/Mittatilausompelu-1024x682.jpg\" class=\"attachment-large size-large wp-image-145\" alt=\"\" srcset=\"https:\/\/www.studioannes.fi\/sv\/wp-content\/uploads\/2025\/07\/Mittatilausompelu-1024x682.jpg 1024w, https:\/\/www.studioannes.fi\/sv\/wp-content\/uploads\/2025\/07\/Mittatilausompelu-300x200.jpg 300w, https:\/\/www.studioannes.fi\/sv\/wp-content\/uploads\/2025\/07\/Mittatilausompelu-768x512.jpg 768w, https:\/\/www.studioannes.fi\/sv\/wp-content\/uploads\/2025\/07\/Mittatilausompelu.jpg 1280w\" sizes=\"(max-width: 800px) 100vw, 800px\" \/>\t\t\t\t\t\t\t\t<\/a>\n\t\t\t\t\t\t\t\t\t\t\t\t\t\t\t<\/div>\n\t\t\t\t<\/div>\n\t\t\t\t<div class=\"elementor-element elementor-element-2253ae7 elementor-widget elementor-widget-image\" data-id=\"2253ae7\" data-element_type=\"widget\" data-widget_type=\"image.default\">\n\t\t\t\t<div class=\"elementor-widget-container\">\n\t\t\t\t\t\t\t\t\t\t\t\t\t\t\t<img decoding=\"async\" width=\"800\" height=\"533\" src=\"https:\/\/www.studioannes.fi\/sv\/wp-content\/uploads\/2025\/07\/sewing-661992_1280-1024x682.jpg\" class=\"attachment-large size-large wp-image-135\" alt=\"\" srcset=\"https:\/\/www.studioannes.fi\/sv\/wp-content\/uploads\/2025\/07\/sewing-661992_1280-1024x682.jpg 1024w, https:\/\/www.studioannes.fi\/sv\/wp-content\/uploads\/2025\/07\/sewing-661992_1280-300x200.jpg 300w, https:\/\/www.studioannes.fi\/sv\/wp-content\/uploads\/2025\/07\/sewing-661992_1280-768x512.jpg 768w, https:\/\/www.studioannes.fi\/sv\/wp-content\/uploads\/2025\/07\/sewing-661992_1280.jpg 1280w\" sizes=\"(max-width: 800px) 100vw, 800px\" \/>\t\t\t\t\t\t\t\t\t\t\t\t\t\t\t<\/div>\n\t\t\t\t<\/div>\n\t\t\t\t<div class=\"elementor-element elementor-element-85cae16 elementor-widget elementor-widget-image\" data-id=\"85cae16\" data-element_type=\"widget\" data-widget_type=\"image.default\">\n\t\t\t\t<div class=\"elementor-widget-container\">\n\t\t\t\t\t\t\t\t\t\t\t\t\t\t\t<img decoding=\"async\" width=\"800\" height=\"600\" src=\"https:\/\/www.studioannes.fi\/sv\/wp-content\/uploads\/2025\/07\/puvustukset-1024x768.jpg\" class=\"attachment-large size-large wp-image-146\" alt=\"\" srcset=\"https:\/\/www.studioannes.fi\/sv\/wp-content\/uploads\/2025\/07\/puvustukset-1024x768.jpg 1024w, https:\/\/www.studioannes.fi\/sv\/wp-content\/uploads\/2025\/07\/puvustukset-300x225.jpg 300w, https:\/\/www.studioannes.fi\/sv\/wp-content\/uploads\/2025\/07\/puvustukset-768x576.jpg 768w, https:\/\/www.studioannes.fi\/sv\/wp-content\/uploads\/2025\/07\/puvustukset.jpg 1280w\" sizes=\"(max-width: 800px) 100vw, 800px\" \/>\t\t\t\t\t\t\t\t\t\t\t\t\t\t\t<\/div>\n\t\t\t\t<\/div>\n\t\t\t\t\t<\/div>\n\t\t\t\t<\/div>\n\t\t<div class=\"elementor-element elementor-element-e6c9840 e-grid e-con-boxed e-con e-parent\" data-id=\"e6c9840\" data-element_type=\"container\">\n\t\t\t\t\t<div class=\"e-con-inner\">\n\t\t\t\t<div class=\"elementor-element elementor-element-9f25ce1 elementor-widget elementor-widget-heading\" data-id=\"9f25ce1\" data-element_type=\"widget\" data-widget_type=\"heading.default\">\n\t\t\t\t<div class=\"elementor-widget-container\">\n\t\t\t\t\t<h2 class=\"elementor-heading-title elementor-size-default\"><a href=\"https:\/\/www.studioannes.fi\/sv\/mattbestallningssomnad\/\">M\u00e5ttbest\u00e4llningss\u00f6mnad <\/a><\/h2>\t\t\t\t<\/div>\n\t\t\t\t<\/div>\n\t\t\t\t<div class=\"elementor-element elementor-element-c2bc62b elementor-widget elementor-widget-heading\" data-id=\"c2bc62b\" data-element_type=\"widget\" data-widget_type=\"heading.default\">\n\t\t\t\t<div class=\"elementor-widget-container\">\n\t\t\t\t\t<h2 class=\"elementor-heading-title elementor-size-default\">oms\u00f6mnad<\/h2>\t\t\t\t<\/div>\n\t\t\t\t<\/div>\n\t\t\t\t<div class=\"elementor-element elementor-element-e1655eb elementor-widget elementor-widget-heading\" data-id=\"e1655eb\" data-element_type=\"widget\" data-widget_type=\"heading.default\">\n\t\t\t\t<div class=\"elementor-widget-container\">\n\t\t\t\t\t<h2 class=\"elementor-heading-title elementor-size-default\">Kostymering<\/h2>\t\t\t\t<\/div>\n\t\t\t\t<\/div>\n\t\t\t\t\t<\/div>\n\t\t\t\t<\/div>\n\t\t<div class=\"elementor-element elementor-element-aedb50a e-flex e-con-boxed e-con e-parent\" data-id=\"aedb50a\" data-element_type=\"container\">\n\t\t\t\t\t<div class=\"e-con-inner\">\n\t\t\t\t<div class=\"elementor-element elementor-element-2a059b0 elementor-widget elementor-widget-spacer\" data-id=\"2a059b0\" data-element_type=\"widget\" data-widget_type=\"spacer.default\">\n\t\t\t\t<div class=\"elementor-widget-container\">\n\t\t\t\t\t\t\t<div class=\"elementor-spacer\">\n\t\t\t<div class=\"elementor-spacer-inner\"><\/div>\n\t\t<\/div>\n\t\t\t\t\t\t<\/div>\n\t\t\t\t<\/div>\n\t\t\t\t\t<\/div>\n\t\t\t\t<\/div>\n\t\t<div class=\"elementor-element elementor-element-b50313a e-grid e-con-boxed e-con e-parent\" data-id=\"b50313a\" data-element_type=\"container\">\n\t\t\t\t\t<div class=\"e-con-inner\">\n\t\t\t\t<div class=\"elementor-element elementor-element-4696bcb elementor-widget elementor-widget-image\" data-id=\"4696bcb\" data-element_type=\"widget\" data-widget_type=\"image.default\">\n\t\t\t\t<div class=\"elementor-widget-container\">\n\t\t\t\t\t\t\t\t\t\t\t\t\t\t\t<img loading=\"lazy\" decoding=\"async\" width=\"800\" height=\"533\" src=\"https:\/\/www.studioannes.fi\/sv\/wp-content\/uploads\/2025\/07\/Esiintymisasut-1024x682.jpg\" class=\"attachment-large size-large wp-image-147\" alt=\"\" srcset=\"https:\/\/www.studioannes.fi\/sv\/wp-content\/uploads\/2025\/07\/Esiintymisasut-1024x682.jpg 1024w, https:\/\/www.studioannes.fi\/sv\/wp-content\/uploads\/2025\/07\/Esiintymisasut-300x200.jpg 300w, https:\/\/www.studioannes.fi\/sv\/wp-content\/uploads\/2025\/07\/Esiintymisasut-768x512.jpg 768w, https:\/\/www.studioannes.fi\/sv\/wp-content\/uploads\/2025\/07\/Esiintymisasut.jpg 1280w\" sizes=\"(max-width: 800px) 100vw, 800px\" \/>\t\t\t\t\t\t\t\t\t\t\t\t\t\t\t<\/div>\n\t\t\t\t<\/div>\n\t\t\t\t<div class=\"elementor-element elementor-element-1b75ed9 elementor-widget elementor-widget-image\" data-id=\"1b75ed9\" data-element_type=\"widget\" data-widget_type=\"image.default\">\n\t\t\t\t<div class=\"elementor-widget-container\">\n\t\t\t\t\t\t\t\t\t\t\t\t\t\t\t<img loading=\"lazy\" decoding=\"async\" width=\"800\" height=\"534\" src=\"https:\/\/www.studioannes.fi\/sv\/wp-content\/uploads\/2025\/07\/muodistamiset-1024x683.jpg\" class=\"attachment-large size-large wp-image-148\" alt=\"\" srcset=\"https:\/\/www.studioannes.fi\/sv\/wp-content\/uploads\/2025\/07\/muodistamiset-1024x683.jpg 1024w, https:\/\/www.studioannes.fi\/sv\/wp-content\/uploads\/2025\/07\/muodistamiset-300x200.jpg 300w, https:\/\/www.studioannes.fi\/sv\/wp-content\/uploads\/2025\/07\/muodistamiset-768x512.jpg 768w, https:\/\/www.studioannes.fi\/sv\/wp-content\/uploads\/2025\/07\/muodistamiset.jpg 1280w\" sizes=\"(max-width: 800px) 100vw, 800px\" \/>\t\t\t\t\t\t\t\t\t\t\t\t\t\t\t<\/div>\n\t\t\t\t<\/div>\n\t\t\t\t<div class=\"elementor-element elementor-element-8b90934 elementor-widget elementor-widget-image\" data-id=\"8b90934\" data-element_type=\"widget\" data-widget_type=\"image.default\">\n\t\t\t\t<div class=\"elementor-widget-container\">\n\t\t\t\t\t\t\t\t\t\t\t\t\t\t\t<img loading=\"lazy\" decoding=\"async\" width=\"800\" height=\"533\" src=\"https:\/\/www.studioannes.fi\/sv\/wp-content\/uploads\/2025\/07\/miesten-mittapuvut-1024x682.jpg\" class=\"attachment-large size-large wp-image-144\" alt=\"\" srcset=\"https:\/\/www.studioannes.fi\/sv\/wp-content\/uploads\/2025\/07\/miesten-mittapuvut-1024x682.jpg 1024w, https:\/\/www.studioannes.fi\/sv\/wp-content\/uploads\/2025\/07\/miesten-mittapuvut-300x200.jpg 300w, https:\/\/www.studioannes.fi\/sv\/wp-content\/uploads\/2025\/07\/miesten-mittapuvut-768x512.jpg 768w, https:\/\/www.studioannes.fi\/sv\/wp-content\/uploads\/2025\/07\/miesten-mittapuvut.jpg 1280w\" sizes=\"(max-width: 800px) 100vw, 800px\" \/>\t\t\t\t\t\t\t\t\t\t\t\t\t\t\t<\/div>\n\t\t\t\t<\/div>\n\t\t\t\t\t<\/div>\n\t\t\t\t<\/div>\n\t\t<div class=\"elementor-element elementor-element-49c6b32 e-grid e-con-boxed e-con e-parent\" data-id=\"49c6b32\" data-element_type=\"container\">\n\t\t\t\t\t<div class=\"e-con-inner\">\n\t\t\t\t<div class=\"elementor-element elementor-element-250604d elementor-widget elementor-widget-heading\" data-id=\"250604d\" data-element_type=\"widget\" data-widget_type=\"heading.default\">\n\t\t\t\t<div class=\"elementor-widget-container\">\n\t\t\t\t\t<h2 class=\"elementor-heading-title elementor-size-default\">estradkl\u00e4dsel<\/h2>\t\t\t\t<\/div>\n\t\t\t\t<\/div>\n\t\t\t\t<div class=\"elementor-element elementor-element-62e434d elementor-widget elementor-widget-heading\" data-id=\"62e434d\" data-element_type=\"widget\" data-widget_type=\"heading.default\">\n\t\t\t\t<div class=\"elementor-widget-container\">\n\t\t\t\t\t<h2 class=\"elementor-heading-title elementor-size-default\">Moderniseringar<\/h2>\t\t\t\t<\/div>\n\t\t\t\t<\/div>\n\t\t\t\t<div class=\"elementor-element elementor-element-7a080d6 elementor-widget elementor-widget-heading\" data-id=\"7a080d6\" data-element_type=\"widget\" data-widget_type=\"heading.default\">\n\t\t\t\t<div class=\"elementor-widget-container\">\n\t\t\t\t\t<h2 class=\"elementor-heading-title elementor-size-default\">skr\u00e4ddarsydda herrkostymer<\/h2>\t\t\t\t<\/div>\n\t\t\t\t<\/div>\n\t\t\t\t\t<\/div>\n\t\t\t\t<\/div>\n\t\t<div class=\"elementor-element elementor-element-0242128 e-flex e-con-boxed e-con e-parent\" data-id=\"0242128\" data-element_type=\"container\">\n\t\t\t\t\t<div class=\"e-con-inner\">\n\t\t\t\t<div class=\"elementor-element elementor-element-a89a56f elementor-widget elementor-widget-spacer\" data-id=\"a89a56f\" data-element_type=\"widget\" data-widget_type=\"spacer.default\">\n\t\t\t\t<div class=\"elementor-widget-container\">\n\t\t\t\t\t\t\t<div class=\"elementor-spacer\">\n\t\t\t<div class=\"elementor-spacer-inner\"><\/div>\n\t\t<\/div>\n\t\t\t\t\t\t<\/div>\n\t\t\t\t<\/div>\n\t\t\t\t\t<\/div>\n\t\t\t\t<\/div>\n\t\t<div class=\"elementor-element elementor-element-7f3b011 e-flex e-con-boxed e-con e-parent\" data-id=\"7f3b011\" data-element_type=\"container\">\n\t\t\t\t\t<div class=\"e-con-inner\">\n\t\t\t\t<div class=\"elementor-element elementor-element-655fd60 elementor-widget-divider--view-line elementor-widget elementor-widget-divider\" data-id=\"655fd60\" data-element_type=\"widget\" data-widget_type=\"divider.default\">\n\t\t\t\t<div class=\"elementor-widget-container\">\n\t\t\t\t\t\t\t<div class=\"elementor-divider\">\n\t\t\t<span class=\"elementor-divider-separator\">\n\t\t\t\t\t\t<\/span>\n\t\t<\/div>\n\t\t\t\t\t\t<\/div>\n\t\t\t\t<\/div>\n\t\t\t\t\t<\/div>\n\t\t\t\t<\/div>\n\t\t<div class=\"elementor-element elementor-element-aaaa9cd e-flex e-con-boxed e-con e-parent\" data-id=\"aaaa9cd\" data-element_type=\"container\">\n\t\t\t\t\t<div class=\"e-con-inner\">\n\t\t\t\t<div class=\"elementor-element elementor-element-0f9930a elementor-widget elementor-widget-text-editor\" data-id=\"0f9930a\" data-element_type=\"widget\" data-widget_type=\"text-editor.default\">\n\t\t\t\t<div class=\"elementor-widget-container\">\n\t\t\t\t\t\t\t\t\t<p data-start=\"34\" data-end=\"299\"><strong data-start=\"34\" data-end=\"299\">Studio Anne\u2019s \u00e4r en etablerad syatelj\u00e9 med l\u00e5ng erfarenhet, som erbjuder m\u00e5ttbest\u00e4llningar, \u00e4ndrings- och reparationss\u00f6mnad med gedigen yrkesskicklighet. Vi utf\u00f6r \u00e4ven specialarbeten som kostymering och scenkl\u00e4der \u2013 alltid individuellt och med stor noggrannhet.<\/strong><\/p>\n<p data-start=\"301\" data-end=\"384\" data-is-last-node=\"\" data-is-only-node=\"\"><strong data-start=\"301\" data-end=\"384\" data-is-last-node=\"\">Tveka inte att ta kontakt, l\u00e5t oss tillsammans f\u00f6rverkliga just dina \u00f6nskem\u00e5l!<\/strong><\/p>\t\t\t\t\t\t\t\t<\/div>\n\t\t\t\t<\/div>\n\t\t\t\t\t<\/div>\n\t\t\t\t<\/div>\n\t\t<div class=\"elementor-element elementor-element-195582c e-flex e-con-boxed e-con e-parent\" data-id=\"195582c\" data-element_type=\"container\">\n\t\t\t\t\t<div class=\"e-con-inner\">\n\t\t\t\t<div class=\"elementor-element elementor-element-aaa398a elementor-widget elementor-widget-html\" data-id=\"aaa398a\" data-element_type=\"widget\" data-widget_type=\"html.default\">\n\t\t\t\t<div class=\"elementor-widget-container\">\n\t\t\t\t\t<button\nid=\"scrollToTop\" onclick=\"window.scrollTo({top: 0, behavior: 'smooth'});\" \n        style=\"position: fixed; bottom: 20px; right: 10px; z-index: 1000; padding: 5px 10px; background-color: #00000020; color:grey; border: none; border-radius: 50%; cursor: pointer; font-size: 20px;\">\n    \n    <i class=\"fa fa-arrow-up\"><\/i> <!-- Font Awesome nuolikuva -->\n<\/button>\t\t\t\t<\/div>\n\t\t\t\t<\/div>\n\t\t\t\t\t<\/div>\n\t\t\t\t<\/div>\n\t\t\t\t<\/div>\n\t\t","protected":false},"excerpt":{"rendered":"<p>V\u00e4lkommen till Studio Anne&#8217;s hemsida!Syatelj\u00e9 i Karleby &#8211; Allt fr\u00e5n blixtl\u00e5sbyte till brudkl\u00e4nning Tj\u00e4nster M\u00e5ttbest\u00e4llningss\u00f6mnad oms\u00f6mnad Kostymering estradkl\u00e4dsel Moderniseringar skr\u00e4ddarsydda herrkostymer Studio Anne\u2019s \u00e4r en etablerad syatelj\u00e9 med l\u00e5ng erfarenhet, som erbjuder m\u00e5ttbest\u00e4llningar, \u00e4ndrings- och reparationss\u00f6mnad med gedigen yrkesskicklighet. Vi utf\u00f6r \u00e4ven specialarbeten som kostymering och scenkl\u00e4der \u2013 alltid individuellt och med stor noggrannhet. Tveka [&hellip;]<\/p>\n","protected":false},"author":1,"featured_media":0,"parent":0,"menu_order":0,"comment_status":"closed","ping_status":"closed","template":"elementor_header_footer","meta":{"footnotes":""},"class_list":["post-7","page","type-page","status-publish","hentry"],"_links":{"self":[{"href":"https:\/\/www.studioannes.fi\/sv\/wp-json\/wp\/v2\/pages\/7","targetHints":{"allow":["GET"]}}],"collection":[{"href":"https:\/\/www.studioannes.fi\/sv\/wp-json\/wp\/v2\/pages"}],"about":[{"href":"https:\/\/www.studioannes.fi\/sv\/wp-json\/wp\/v2\/types\/page"}],"author":[{"embeddable":true,"href":"https:\/\/www.studioannes.fi\/sv\/wp-json\/wp\/v2\/users\/1"}],"replies":[{"embeddable":true,"href":"https:\/\/www.studioannes.fi\/sv\/wp-json\/wp\/v2\/comments?post=7"}],"version-history":[{"count":75,"href":"https:\/\/www.studioannes.fi\/sv\/wp-json\/wp\/v2\/pages\/7\/revisions"}],"predecessor-version":[{"id":437,"href":"https:\/\/www.studioannes.fi\/sv\/wp-json\/wp\/v2\/pages\/7\/revisions\/437"}],"wp:attachment":[{"href":"https:\/\/www.studioannes.fi\/sv\/wp-json\/wp\/v2\/media?parent=7"}],"curies":[{"name":"wp","href":"https:\/\/api.w.org\/{rel}","templated":true}]}}