{"id":30,"date":"2013-09-22T22:16:32","date_gmt":"2013-09-22T19:16:32","guid":{"rendered":"http:\/\/www.studioannes.fi\/sv\/?page_id=30"},"modified":"2025-07-11T20:55:32","modified_gmt":"2025-07-11T17:55:32","slug":"kontakt","status":"publish","type":"page","link":"https:\/\/www.studioannes.fi\/sv\/kontakt\/","title":{"rendered":"Kontakt"},"content":{"rendered":"\t\t<div data-elementor-type=\"wp-page\" data-elementor-id=\"30\" class=\"elementor elementor-30\">\n\t\t\t\t<div class=\"elementor-element elementor-element-fd45592 e-flex e-con-boxed e-con e-parent\" data-id=\"fd45592\" data-element_type=\"container\">\n\t\t\t\t\t<div class=\"e-con-inner\">\n\t\t\t\t<div class=\"elementor-element elementor-element-00c2c1b elementor-widget elementor-widget-spacer\" data-id=\"00c2c1b\" data-element_type=\"widget\" data-widget_type=\"spacer.default\">\n\t\t\t\t<div class=\"elementor-widget-container\">\n\t\t\t\t\t\t\t<div class=\"elementor-spacer\">\n\t\t\t<div class=\"elementor-spacer-inner\"><\/div>\n\t\t<\/div>\n\t\t\t\t\t\t<\/div>\n\t\t\t\t<\/div>\n\t\t\t\t\t<\/div>\n\t\t\t\t<\/div>\n\t\t<div class=\"elementor-element elementor-element-9cd2ff6 e-flex e-con-boxed e-con e-parent\" data-id=\"9cd2ff6\" data-element_type=\"container\">\n\t\t\t\t\t<div class=\"e-con-inner\">\n\t\t\t\t<div class=\"elementor-element elementor-element-d28d2ca elementor-widget elementor-widget-heading\" data-id=\"d28d2ca\" data-element_type=\"widget\" data-widget_type=\"heading.default\">\n\t\t\t\t<div class=\"elementor-widget-container\">\n\t\t\t\t\t<h2 class=\"elementor-heading-title elementor-size-default\">Kontakt<\/h2>\t\t\t\t<\/div>\n\t\t\t\t<\/div>\n\t\t\t\t\t<\/div>\n\t\t\t\t<\/div>\n\t\t<div class=\"elementor-element elementor-element-03d16c1 e-flex e-con-boxed e-con e-parent\" data-id=\"03d16c1\" data-element_type=\"container\">\n\t\t\t\t\t<div class=\"e-con-inner\">\n\t\t\t\t<div class=\"elementor-element elementor-element-30fab46 elementor-widget-divider--view-line elementor-widget elementor-widget-divider\" data-id=\"30fab46\" data-element_type=\"widget\" data-widget_type=\"divider.default\">\n\t\t\t\t<div class=\"elementor-widget-container\">\n\t\t\t\t\t\t\t<div class=\"elementor-divider\">\n\t\t\t<span class=\"elementor-divider-separator\">\n\t\t\t\t\t\t<\/span>\n\t\t<\/div>\n\t\t\t\t\t\t<\/div>\n\t\t\t\t<\/div>\n\t\t\t\t\t<\/div>\n\t\t\t\t<\/div>\n\t\t<div class=\"elementor-element elementor-element-e0119ba e-flex e-con-boxed e-con e-parent\" data-id=\"e0119ba\" data-element_type=\"container\">\n\t\t\t\t\t<div class=\"e-con-inner\">\n\t\t\t\t<div class=\"elementor-element elementor-element-e0e6f8f elementor-widget elementor-widget-text-editor\" data-id=\"e0e6f8f\" data-element_type=\"widget\" data-widget_type=\"text-editor.default\">\n\t\t\t\t<div class=\"elementor-widget-container\">\n\t\t\t\t\t\t\t\t\t<p><strong data-start=\"60\" data-end=\"92\">Studio Anne&#8217;s \u2013 Anne Rauhala<\/strong><br data-start=\"92\" data-end=\"95\" \/><strong data-start=\"95\" data-end=\"112\">Bes\u00f6ksadress:<\/strong> Hakalahdenkatu 41, 67100 Karleby<br data-start=\"145\" data-end=\"148\" \/><strong data-start=\"148\" data-end=\"163\">Postadress:<\/strong> K\u00e5lav\u00e4gen 40, 67600 Karleby<br data-start=\"191\" data-end=\"194\" \/><strong data-start=\"194\" data-end=\"206\">Telefon:<\/strong> +358 (0)6 822 2025<br data-start=\"225\" data-end=\"228\" \/><strong data-start=\"228\" data-end=\"242\">FO-nummer:<\/strong> 2507741-8<\/p>\t\t\t\t\t\t\t\t<\/div>\n\t\t\t\t<\/div>\n\t\t\t\t\t<\/div>\n\t\t\t\t<\/div>\n\t\t<div class=\"elementor-element elementor-element-31c1a541 e-flex e-con-boxed e-con e-parent\" data-id=\"31c1a541\" data-element_type=\"container\">\n\t\t\t\t\t<div class=\"e-con-inner\">\n\t\t\t\t<div class=\"elementor-element elementor-element-63aa7400 elementor-widget elementor-widget-text-editor\" data-id=\"63aa7400\" data-element_type=\"widget\" data-widget_type=\"text-editor.default\">\n\t\t\t\t<div class=\"elementor-widget-container\">\n\t\t\t\t\t\t\t\t\t<iframe src=\"https:\/\/www.google.com\/maps\/embed?pb=!1m18!1m12!1m3!1d1759.3673856093428!2d23.152144350971405!3d63.83457744889292!2m3!1f0!2f0!3f0!3m2!1i1024!2i768!4f13.1!3m3!1m2!1s0x4687488ab537ca29%3A0x958e76badd6e40d6!2sHakalaxgatan+41%2C+67100+Karleby!5e0!3m2!1ssv!2sfi!4v1485348527572\" width=\"600\" height=\"450\" frameborder=\"0\" style=\"border:0\" allowfullscreen><\/iframe>\t\t\t\t\t\t\t\t<\/div>\n\t\t\t\t<\/div>\n\t\t\t\t\t<\/div>\n\t\t\t\t<\/div>\n\t\t<div class=\"elementor-element elementor-element-bd654b0 e-flex e-con-boxed e-con e-parent\" data-id=\"bd654b0\" data-element_type=\"container\">\n\t\t\t\t\t<div class=\"e-con-inner\">\n\t\t\t\t<div class=\"elementor-element elementor-element-4c781f9 elementor-widget elementor-widget-html\" data-id=\"4c781f9\" data-element_type=\"widget\" data-widget_type=\"html.default\">\n\t\t\t\t<div class=\"elementor-widget-container\">\n\t\t\t\t\t<button\nid=\"scrollToTop\" onclick=\"window.scrollTo({top: 0, behavior: 'smooth'});\" \n        style=\"position: fixed; bottom: 20px; right: 10px; z-index: 1000; padding: 5px 10px; background-color: #00000020; color:grey; border: none; border-radius: 50%; cursor: pointer; font-size: 20px;\">\n    \n    <i class=\"fa fa-arrow-up\"><\/i> <!-- Font Awesome nuolikuva -->\n<\/button>\t\t\t\t<\/div>\n\t\t\t\t<\/div>\n\t\t\t\t\t<\/div>\n\t\t\t\t<\/div>\n\t\t\t\t<\/div>\n\t\t","protected":false},"excerpt":{"rendered":"<p>Kontakt Studio Anne&#8217;s \u2013 Anne RauhalaBes\u00f6ksadress: Hakalahdenkatu 41, 67100 KarlebyPostadress: K\u00e5lav\u00e4gen 40, 67600 KarlebyTelefon: +358 (0)6 822 2025FO-nummer: 2507741-8<\/p>\n","protected":false},"author":1,"featured_media":0,"parent":0,"menu_order":8,"comment_status":"closed","ping_status":"closed","template":"elementor_header_footer","meta":{"footnotes":""},"class_list":["post-30","page","type-page","status-publish","hentry"],"_links":{"self":[{"href":"https:\/\/www.studioannes.fi\/sv\/wp-json\/wp\/v2\/pages\/30","targetHints":{"allow":["GET"]}}],"collection":[{"href":"https:\/\/www.studioannes.fi\/sv\/wp-json\/wp\/v2\/pages"}],"about":[{"href":"https:\/\/www.studioannes.fi\/sv\/wp-json\/wp\/v2\/types\/page"}],"author":[{"embeddable":true,"href":"https:\/\/www.studioannes.fi\/sv\/wp-json\/wp\/v2\/users\/1"}],"replies":[{"embeddable":true,"href":"https:\/\/www.studioannes.fi\/sv\/wp-json\/wp\/v2\/comments?post=30"}],"version-history":[{"count":13,"href":"https:\/\/www.studioannes.fi\/sv\/wp-json\/wp\/v2\/pages\/30\/revisions"}],"predecessor-version":[{"id":250,"href":"https:\/\/www.studioannes.fi\/sv\/wp-json\/wp\/v2\/pages\/30\/revisions\/250"}],"wp:attachment":[{"href":"https:\/\/www.studioannes.fi\/sv\/wp-json\/wp\/v2\/media?parent=30"}],"curies":[{"name":"wp","href":"https:\/\/api.w.org\/{rel}","templated":true}]}}