{"id":23,"date":"2013-09-22T22:10:44","date_gmt":"2013-09-22T19:10:44","guid":{"rendered":"http:\/\/www.studioannes.fi\/sv\/?page_id=23"},"modified":"2025-07-11T20:46:40","modified_gmt":"2025-07-11T17:46:40","slug":"priser","status":"publish","type":"page","link":"https:\/\/www.studioannes.fi\/sv\/priser\/","title":{"rendered":"Priser"},"content":{"rendered":"\t\t<div data-elementor-type=\"wp-page\" data-elementor-id=\"23\" class=\"elementor elementor-23\">\n\t\t\t\t<div class=\"elementor-element elementor-element-f93a240 e-flex e-con-boxed e-con e-parent\" data-id=\"f93a240\" data-element_type=\"container\">\n\t\t\t\t\t<div class=\"e-con-inner\">\n\t\t\t\t<div class=\"elementor-element elementor-element-fbc697c elementor-widget elementor-widget-spacer\" data-id=\"fbc697c\" data-element_type=\"widget\" data-widget_type=\"spacer.default\">\n\t\t\t\t<div class=\"elementor-widget-container\">\n\t\t\t\t\t\t\t<div class=\"elementor-spacer\">\n\t\t\t<div class=\"elementor-spacer-inner\"><\/div>\n\t\t<\/div>\n\t\t\t\t\t\t<\/div>\n\t\t\t\t<\/div>\n\t\t\t\t\t<\/div>\n\t\t\t\t<\/div>\n\t\t<div class=\"elementor-element elementor-element-fc38c33 e-flex e-con-boxed e-con e-parent\" data-id=\"fc38c33\" data-element_type=\"container\">\n\t\t\t\t\t<div class=\"e-con-inner\">\n\t\t\t\t<div class=\"elementor-element elementor-element-dce81f6 elementor-widget elementor-widget-heading\" data-id=\"dce81f6\" data-element_type=\"widget\" data-widget_type=\"heading.default\">\n\t\t\t\t<div class=\"elementor-widget-container\">\n\t\t\t\t\t<h2 class=\"elementor-heading-title elementor-size-default\">Priser<\/h2>\t\t\t\t<\/div>\n\t\t\t\t<\/div>\n\t\t\t\t\t<\/div>\n\t\t\t\t<\/div>\n\t\t<div class=\"elementor-element elementor-element-e42f07c e-flex e-con-boxed e-con e-parent\" data-id=\"e42f07c\" data-element_type=\"container\">\n\t\t\t\t\t<div class=\"e-con-inner\">\n\t\t\t\t<div class=\"elementor-element elementor-element-562ec69 elementor-widget-divider--view-line elementor-widget elementor-widget-divider\" data-id=\"562ec69\" data-element_type=\"widget\" data-widget_type=\"divider.default\">\n\t\t\t\t<div class=\"elementor-widget-container\">\n\t\t\t\t\t\t\t<div class=\"elementor-divider\">\n\t\t\t<span class=\"elementor-divider-separator\">\n\t\t\t\t\t\t<\/span>\n\t\t<\/div>\n\t\t\t\t\t\t<\/div>\n\t\t\t\t<\/div>\n\t\t\t\t\t<\/div>\n\t\t\t\t<\/div>\n\t\t<div class=\"elementor-element elementor-element-ddf98dc e-flex e-con-boxed e-con e-parent\" data-id=\"ddf98dc\" data-element_type=\"container\">\n\t\t\t\t\t<div class=\"e-con-inner\">\n\t\t\t\t<div class=\"elementor-element elementor-element-54ee1a5f elementor-widget elementor-widget-text-editor\" data-id=\"54ee1a5f\" data-element_type=\"widget\" data-widget_type=\"text-editor.default\">\n\t\t\t\t<div class=\"elementor-widget-container\">\n\t\t\t\t\t\t\t\t\t<p>Tyv\u00e4rr kan jag inte ge exakta priser innan jag sett och bed\u00f6mt arbetet, men nedan n\u00e5gra exempel:<\/p><table width=\"470\"><tbody><tr><td>Pris\/timme<\/td><td>30\u20ac\/h<\/td><\/tr><tr><td>Kjol<\/td><td>40\u20ac-120\u20ac<\/td><\/tr><tr><td>Fodralkl\u00e4nning<\/td><td>80\u20ac-200\u20ac<\/td><\/tr><tr><td>Byxor<\/td><td>70\u20ac-120\u20ac<\/td><\/tr><tr><td>Jakka med foder<\/td><td>120\u20ac-300\u20ac<\/td><\/tr><tr><td>Kappa med foder<\/td><td>150\u20ac-300\u20ac<\/td><\/tr><tr><td>Aftonkl\u00e4nning\/Brudkl\u00e4nning<\/td><td>350\u20ac-1000\u20ac<\/td><\/tr><\/tbody><\/table><table width=\"470\"><tbody><tr><td>Gardiner och borddukar (\u00e4ndorna)<\/td><td>10\u20ac<\/td><\/tr><tr><td>Gardiner och borddukar (\u00e4ndorna och sidorna)<\/td><td>15\u20ac<\/td><\/tr><tr><td>Hissgardin<\/td><td>35\u20ac\/m2<\/td><\/tr><\/tbody><\/table><table width=\"470\"><tbody><tr><td>F\u00f6rkortning av byxor med maskin<\/td><td>8\u20ac<\/td><\/tr><tr><td>F\u00f6rkortning av kjol med maskin<\/td><td>15\u20ac<\/td><\/tr><\/tbody><\/table><table width=\"470\"><tbody><tr><td colspan=\"2\">Byte av dragkedja (Blixtl\u00e5set ing\u00e5r ej i priserna)<\/td><\/tr><tr><td>kjol, byxor fr.o.m<\/td><td>15\u20ac<\/td><\/tr><tr><td>Kl\u00e4nning fr.o.m<\/td><td>20\u20ac<\/td><\/tr><tr><td>Jakka\/rock normal fr.o.m<\/td><td>25\u20ac<\/td><\/tr><tr><td>Ytterjacka arbetsam fr.o.m<\/td><td>30\u20ac<\/td><\/tr><\/tbody><\/table>\t\t\t\t\t\t\t\t<\/div>\n\t\t\t\t<\/div>\n\t\t\t\t\t<\/div>\n\t\t\t\t<\/div>\n\t\t<div class=\"elementor-element elementor-element-426b2fb e-flex e-con-boxed e-con e-parent\" data-id=\"426b2fb\" data-element_type=\"container\">\n\t\t\t\t\t<div class=\"e-con-inner\">\n\t\t\t\t<div class=\"elementor-element elementor-element-c466b3e elementor-widget elementor-widget-html\" data-id=\"c466b3e\" data-element_type=\"widget\" data-widget_type=\"html.default\">\n\t\t\t\t<div class=\"elementor-widget-container\">\n\t\t\t\t\t<button\nid=\"scrollToTop\" onclick=\"window.scrollTo({top: 0, behavior: 'smooth'});\" \n        style=\"position: fixed; bottom: 20px; right: 10px; z-index: 1000; padding: 5px 10px; background-color: #00000020; color:grey; border: none; border-radius: 50%; cursor: pointer; font-size: 20px;\">\n    \n    <i class=\"fa fa-arrow-up\"><\/i> <!-- Font Awesome nuolikuva -->\n<\/button>\t\t\t\t<\/div>\n\t\t\t\t<\/div>\n\t\t\t\t\t<\/div>\n\t\t\t\t<\/div>\n\t\t\t\t<\/div>\n\t\t","protected":false},"excerpt":{"rendered":"<p>Priser Tyv\u00e4rr kan jag inte ge exakta priser innan jag sett och bed\u00f6mt arbetet, men nedan n\u00e5gra exempel: Pris\/timme 30\u20ac\/h Kjol 40\u20ac-120\u20ac Fodralkl\u00e4nning 80\u20ac-200\u20ac Byxor 70\u20ac-120\u20ac Jakka med foder 120\u20ac-300\u20ac Kappa med foder 150\u20ac-300\u20ac Aftonkl\u00e4nning\/Brudkl\u00e4nning 350\u20ac-1000\u20ac Gardiner och borddukar (\u00e4ndorna) 10\u20ac Gardiner och borddukar (\u00e4ndorna och sidorna) 15\u20ac Hissgardin 35\u20ac\/m2 F\u00f6rkortning av byxor med maskin [&hellip;]<\/p>\n","protected":false},"author":1,"featured_media":0,"parent":0,"menu_order":5,"comment_status":"closed","ping_status":"closed","template":"elementor_header_footer","meta":{"footnotes":""},"class_list":["post-23","page","type-page","status-publish","hentry"],"_links":{"self":[{"href":"https:\/\/www.studioannes.fi\/sv\/wp-json\/wp\/v2\/pages\/23","targetHints":{"allow":["GET"]}}],"collection":[{"href":"https:\/\/www.studioannes.fi\/sv\/wp-json\/wp\/v2\/pages"}],"about":[{"href":"https:\/\/www.studioannes.fi\/sv\/wp-json\/wp\/v2\/types\/page"}],"author":[{"embeddable":true,"href":"https:\/\/www.studioannes.fi\/sv\/wp-json\/wp\/v2\/users\/1"}],"replies":[{"embeddable":true,"href":"https:\/\/www.studioannes.fi\/sv\/wp-json\/wp\/v2\/comments?post=23"}],"version-history":[{"count":12,"href":"https:\/\/www.studioannes.fi\/sv\/wp-json\/wp\/v2\/pages\/23\/revisions"}],"predecessor-version":[{"id":228,"href":"https:\/\/www.studioannes.fi\/sv\/wp-json\/wp\/v2\/pages\/23\/revisions\/228"}],"wp:attachment":[{"href":"https:\/\/www.studioannes.fi\/sv\/wp-json\/wp\/v2\/media?parent=23"}],"curies":[{"name":"wp","href":"https:\/\/api.w.org\/{rel}","templated":true}]}}