{"id":21,"date":"2013-09-22T22:10:06","date_gmt":"2013-09-22T19:10:06","guid":{"rendered":"http:\/\/www.studioannes.fi\/sv\/?page_id=21"},"modified":"2025-07-15T20:12:55","modified_gmt":"2025-07-15T17:12:55","slug":"tjanster","status":"publish","type":"page","link":"https:\/\/www.studioannes.fi\/sv\/tjanster\/","title":{"rendered":"Tj\u00e4nster"},"content":{"rendered":"\t\t<div data-elementor-type=\"wp-page\" data-elementor-id=\"21\" class=\"elementor elementor-21\">\n\t\t\t\t<div class=\"elementor-element elementor-element-6fc5b72 e-flex e-con-boxed e-con e-parent\" data-id=\"6fc5b72\" data-element_type=\"container\">\n\t\t\t\t\t<div class=\"e-con-inner\">\n\t\t\t\t<div class=\"elementor-element elementor-element-acf95d6 elementor-widget elementor-widget-spacer\" data-id=\"acf95d6\" data-element_type=\"widget\" data-widget_type=\"spacer.default\">\n\t\t\t\t<div class=\"elementor-widget-container\">\n\t\t\t\t\t\t\t<div class=\"elementor-spacer\">\n\t\t\t<div class=\"elementor-spacer-inner\"><\/div>\n\t\t<\/div>\n\t\t\t\t\t\t<\/div>\n\t\t\t\t<\/div>\n\t\t\t\t\t<\/div>\n\t\t\t\t<\/div>\n\t\t<div class=\"elementor-element elementor-element-2208027 e-flex e-con-boxed e-con e-parent\" data-id=\"2208027\" data-element_type=\"container\">\n\t\t\t\t\t<div class=\"e-con-inner\">\n\t\t\t\t<div class=\"elementor-element elementor-element-0d63f40 elementor-widget elementor-widget-heading\" data-id=\"0d63f40\" data-element_type=\"widget\" data-widget_type=\"heading.default\">\n\t\t\t\t<div class=\"elementor-widget-container\">\n\t\t\t\t\t<h2 class=\"elementor-heading-title elementor-size-default\">Tj\u00e4nster<\/h2>\t\t\t\t<\/div>\n\t\t\t\t<\/div>\n\t\t\t\t\t<\/div>\n\t\t\t\t<\/div>\n\t\t<div class=\"elementor-element elementor-element-82e1098 e-flex e-con-boxed e-con e-parent\" data-id=\"82e1098\" data-element_type=\"container\">\n\t\t\t\t\t<div class=\"e-con-inner\">\n\t\t\t\t<div class=\"elementor-element elementor-element-37d1083 elementor-widget-divider--view-line elementor-widget elementor-widget-divider\" data-id=\"37d1083\" data-element_type=\"widget\" data-widget_type=\"divider.default\">\n\t\t\t\t<div class=\"elementor-widget-container\">\n\t\t\t\t\t\t\t<div class=\"elementor-divider\">\n\t\t\t<span class=\"elementor-divider-separator\">\n\t\t\t\t\t\t<\/span>\n\t\t<\/div>\n\t\t\t\t\t\t<\/div>\n\t\t\t\t<\/div>\n\t\t\t\t\t<\/div>\n\t\t\t\t<\/div>\n\t\t<div class=\"elementor-element elementor-element-be5e884 e-flex e-con-boxed e-con e-parent\" data-id=\"be5e884\" data-element_type=\"container\">\n\t\t\t\t\t<div class=\"e-con-inner\">\n\t\t\t\t<div class=\"elementor-element elementor-element-bda637b elementor-widget elementor-widget-spacer\" data-id=\"bda637b\" data-element_type=\"widget\" data-widget_type=\"spacer.default\">\n\t\t\t\t<div class=\"elementor-widget-container\">\n\t\t\t\t\t\t\t<div class=\"elementor-spacer\">\n\t\t\t<div class=\"elementor-spacer-inner\"><\/div>\n\t\t<\/div>\n\t\t\t\t\t\t<\/div>\n\t\t\t\t<\/div>\n\t\t\t\t\t<\/div>\n\t\t\t\t<\/div>\n\t\t<div class=\"elementor-element elementor-element-9f80f48 e-grid e-con-boxed e-con e-parent\" data-id=\"9f80f48\" data-element_type=\"container\">\n\t\t\t\t\t<div class=\"e-con-inner\">\n\t\t\t\t<div class=\"elementor-element elementor-element-badb129 elementor-widget elementor-widget-image\" data-id=\"badb129\" data-element_type=\"widget\" data-widget_type=\"image.default\">\n\t\t\t\t<div class=\"elementor-widget-container\">\n\t\t\t\t\t\t\t\t\t\t\t\t\t\t\t\t<a href=\"https:\/\/www.studioannes.fi\/sv\/mattbestallningssomnad\/\">\n\t\t\t\t\t\t\t<img fetchpriority=\"high\" decoding=\"async\" width=\"800\" height=\"533\" src=\"https:\/\/www.studioannes.fi\/sv\/wp-content\/uploads\/2025\/07\/Mittatilausompelu-1024x682.jpg\" class=\"attachment-large size-large wp-image-145\" alt=\"\" srcset=\"https:\/\/www.studioannes.fi\/sv\/wp-content\/uploads\/2025\/07\/Mittatilausompelu-1024x682.jpg 1024w, https:\/\/www.studioannes.fi\/sv\/wp-content\/uploads\/2025\/07\/Mittatilausompelu-300x200.jpg 300w, https:\/\/www.studioannes.fi\/sv\/wp-content\/uploads\/2025\/07\/Mittatilausompelu-768x512.jpg 768w, https:\/\/www.studioannes.fi\/sv\/wp-content\/uploads\/2025\/07\/Mittatilausompelu.jpg 1280w\" sizes=\"(max-width: 800px) 100vw, 800px\" \/>\t\t\t\t\t\t\t\t<\/a>\n\t\t\t\t\t\t\t\t\t\t\t\t\t\t\t<\/div>\n\t\t\t\t<\/div>\n\t\t\t\t<div class=\"elementor-element elementor-element-a466b62 elementor-widget elementor-widget-image\" data-id=\"a466b62\" data-element_type=\"widget\" data-widget_type=\"image.default\">\n\t\t\t\t<div class=\"elementor-widget-container\">\n\t\t\t\t\t\t\t\t\t\t\t\t\t\t\t\t<a href=\"https:\/\/www.studioannes.fi\/sv\/omsomnad\/\">\n\t\t\t\t\t\t\t<img decoding=\"async\" width=\"800\" height=\"533\" src=\"https:\/\/www.studioannes.fi\/sv\/wp-content\/uploads\/2025\/07\/sewing-661992_1280-1024x682.jpg\" class=\"attachment-large size-large wp-image-135\" alt=\"\" srcset=\"https:\/\/www.studioannes.fi\/sv\/wp-content\/uploads\/2025\/07\/sewing-661992_1280-1024x682.jpg 1024w, https:\/\/www.studioannes.fi\/sv\/wp-content\/uploads\/2025\/07\/sewing-661992_1280-300x200.jpg 300w, https:\/\/www.studioannes.fi\/sv\/wp-content\/uploads\/2025\/07\/sewing-661992_1280-768x512.jpg 768w, https:\/\/www.studioannes.fi\/sv\/wp-content\/uploads\/2025\/07\/sewing-661992_1280.jpg 1280w\" sizes=\"(max-width: 800px) 100vw, 800px\" \/>\t\t\t\t\t\t\t\t<\/a>\n\t\t\t\t\t\t\t\t\t\t\t\t\t\t\t<\/div>\n\t\t\t\t<\/div>\n\t\t\t\t<div class=\"elementor-element elementor-element-9e3bded elementor-widget elementor-widget-image\" data-id=\"9e3bded\" data-element_type=\"widget\" data-widget_type=\"image.default\">\n\t\t\t\t<div class=\"elementor-widget-container\">\n\t\t\t\t\t\t\t\t\t\t\t\t\t\t\t\t<a href=\"https:\/\/www.studioannes.fi\/sv\/kostymering\/\">\n\t\t\t\t\t\t\t<img decoding=\"async\" width=\"800\" height=\"600\" src=\"https:\/\/www.studioannes.fi\/sv\/wp-content\/uploads\/2025\/07\/puvustukset-1024x768.jpg\" class=\"attachment-large size-large wp-image-146\" alt=\"\" srcset=\"https:\/\/www.studioannes.fi\/sv\/wp-content\/uploads\/2025\/07\/puvustukset-1024x768.jpg 1024w, https:\/\/www.studioannes.fi\/sv\/wp-content\/uploads\/2025\/07\/puvustukset-300x225.jpg 300w, https:\/\/www.studioannes.fi\/sv\/wp-content\/uploads\/2025\/07\/puvustukset-768x576.jpg 768w, https:\/\/www.studioannes.fi\/sv\/wp-content\/uploads\/2025\/07\/puvustukset.jpg 1280w\" sizes=\"(max-width: 800px) 100vw, 800px\" \/>\t\t\t\t\t\t\t\t<\/a>\n\t\t\t\t\t\t\t\t\t\t\t\t\t\t\t<\/div>\n\t\t\t\t<\/div>\n\t\t\t\t\t<\/div>\n\t\t\t\t<\/div>\n\t\t<div class=\"elementor-element elementor-element-425e968 e-grid e-con-boxed e-con e-parent\" data-id=\"425e968\" data-element_type=\"container\">\n\t\t\t\t\t<div class=\"e-con-inner\">\n\t\t\t\t<div class=\"elementor-element elementor-element-f99cfa0 elementor-widget elementor-widget-heading\" data-id=\"f99cfa0\" data-element_type=\"widget\" data-widget_type=\"heading.default\">\n\t\t\t\t<div class=\"elementor-widget-container\">\n\t\t\t\t\t<h2 class=\"elementor-heading-title elementor-size-default\"><a href=\"https:\/\/www.studioannes.fi\/sv\/mattbestallningssomnad\/\">M\u00e5ttbest\u00e4llningss\u00f6mnad <\/a><\/h2>\t\t\t\t<\/div>\n\t\t\t\t<\/div>\n\t\t\t\t<div class=\"elementor-element elementor-element-38da40a elementor-widget elementor-widget-heading\" data-id=\"38da40a\" data-element_type=\"widget\" data-widget_type=\"heading.default\">\n\t\t\t\t<div class=\"elementor-widget-container\">\n\t\t\t\t\t<h2 class=\"elementor-heading-title elementor-size-default\"><a href=\"https:\/\/www.studioannes.fi\/sv\/omsomnad\/\">oms\u00f6mnad<\/a><\/h2>\t\t\t\t<\/div>\n\t\t\t\t<\/div>\n\t\t\t\t<div class=\"elementor-element elementor-element-2c6ff7f elementor-widget elementor-widget-heading\" data-id=\"2c6ff7f\" data-element_type=\"widget\" data-widget_type=\"heading.default\">\n\t\t\t\t<div class=\"elementor-widget-container\">\n\t\t\t\t\t<h2 class=\"elementor-heading-title elementor-size-default\"><a href=\"https:\/\/www.studioannes.fi\/sv\/kostymering\/\">Kostymering<\/a><\/h2>\t\t\t\t<\/div>\n\t\t\t\t<\/div>\n\t\t\t\t\t<\/div>\n\t\t\t\t<\/div>\n\t\t<div class=\"elementor-element elementor-element-98c87f4 e-flex e-con-boxed e-con e-parent\" data-id=\"98c87f4\" data-element_type=\"container\">\n\t\t\t\t\t<div class=\"e-con-inner\">\n\t\t\t\t<div class=\"elementor-element elementor-element-0296ee9 elementor-widget elementor-widget-spacer\" data-id=\"0296ee9\" data-element_type=\"widget\" data-widget_type=\"spacer.default\">\n\t\t\t\t<div class=\"elementor-widget-container\">\n\t\t\t\t\t\t\t<div class=\"elementor-spacer\">\n\t\t\t<div class=\"elementor-spacer-inner\"><\/div>\n\t\t<\/div>\n\t\t\t\t\t\t<\/div>\n\t\t\t\t<\/div>\n\t\t\t\t\t<\/div>\n\t\t\t\t<\/div>\n\t\t<div class=\"elementor-element elementor-element-6176245 e-grid e-con-boxed e-con e-parent\" data-id=\"6176245\" data-element_type=\"container\">\n\t\t\t\t\t<div class=\"e-con-inner\">\n\t\t\t\t<div class=\"elementor-element elementor-element-a67b670 elementor-widget elementor-widget-image\" data-id=\"a67b670\" data-element_type=\"widget\" data-widget_type=\"image.default\">\n\t\t\t\t<div class=\"elementor-widget-container\">\n\t\t\t\t\t\t\t\t\t\t\t\t\t\t\t\t<a href=\"https:\/\/www.studioannes.fi\/sv\/estradkladsel\/\">\n\t\t\t\t\t\t\t<img loading=\"lazy\" decoding=\"async\" width=\"800\" height=\"533\" src=\"https:\/\/www.studioannes.fi\/sv\/wp-content\/uploads\/2025\/07\/Esiintymisasut-1024x682.jpg\" class=\"attachment-large size-large wp-image-147\" alt=\"\" srcset=\"https:\/\/www.studioannes.fi\/sv\/wp-content\/uploads\/2025\/07\/Esiintymisasut-1024x682.jpg 1024w, https:\/\/www.studioannes.fi\/sv\/wp-content\/uploads\/2025\/07\/Esiintymisasut-300x200.jpg 300w, https:\/\/www.studioannes.fi\/sv\/wp-content\/uploads\/2025\/07\/Esiintymisasut-768x512.jpg 768w, https:\/\/www.studioannes.fi\/sv\/wp-content\/uploads\/2025\/07\/Esiintymisasut.jpg 1280w\" sizes=\"(max-width: 800px) 100vw, 800px\" \/>\t\t\t\t\t\t\t\t<\/a>\n\t\t\t\t\t\t\t\t\t\t\t\t\t\t\t<\/div>\n\t\t\t\t<\/div>\n\t\t\t\t<div class=\"elementor-element elementor-element-525c57e elementor-widget elementor-widget-image\" data-id=\"525c57e\" data-element_type=\"widget\" data-widget_type=\"image.default\">\n\t\t\t\t<div class=\"elementor-widget-container\">\n\t\t\t\t\t\t\t\t\t\t\t\t\t\t\t\t<a href=\"https:\/\/www.studioannes.fi\/sv\/moderniseringar\/\">\n\t\t\t\t\t\t\t<img loading=\"lazy\" decoding=\"async\" width=\"800\" height=\"534\" src=\"https:\/\/www.studioannes.fi\/sv\/wp-content\/uploads\/2025\/07\/muodistamiset-1024x683.jpg\" class=\"attachment-large size-large wp-image-148\" alt=\"\" srcset=\"https:\/\/www.studioannes.fi\/sv\/wp-content\/uploads\/2025\/07\/muodistamiset-1024x683.jpg 1024w, https:\/\/www.studioannes.fi\/sv\/wp-content\/uploads\/2025\/07\/muodistamiset-300x200.jpg 300w, https:\/\/www.studioannes.fi\/sv\/wp-content\/uploads\/2025\/07\/muodistamiset-768x512.jpg 768w, https:\/\/www.studioannes.fi\/sv\/wp-content\/uploads\/2025\/07\/muodistamiset.jpg 1280w\" sizes=\"(max-width: 800px) 100vw, 800px\" \/>\t\t\t\t\t\t\t\t<\/a>\n\t\t\t\t\t\t\t\t\t\t\t\t\t\t\t<\/div>\n\t\t\t\t<\/div>\n\t\t\t\t<div class=\"elementor-element elementor-element-d5c9d6f elementor-widget elementor-widget-image\" data-id=\"d5c9d6f\" data-element_type=\"widget\" data-widget_type=\"image.default\">\n\t\t\t\t<div class=\"elementor-widget-container\">\n\t\t\t\t\t\t\t\t\t\t\t\t\t\t\t\t<a href=\"https:\/\/www.studioannes.fi\/sv\/skraddarsydda-herrkostymer\/\">\n\t\t\t\t\t\t\t<img loading=\"lazy\" decoding=\"async\" width=\"800\" height=\"533\" src=\"https:\/\/www.studioannes.fi\/sv\/wp-content\/uploads\/2025\/07\/miesten-mittapuvut-1024x682.jpg\" class=\"attachment-large size-large wp-image-144\" alt=\"\" srcset=\"https:\/\/www.studioannes.fi\/sv\/wp-content\/uploads\/2025\/07\/miesten-mittapuvut-1024x682.jpg 1024w, https:\/\/www.studioannes.fi\/sv\/wp-content\/uploads\/2025\/07\/miesten-mittapuvut-300x200.jpg 300w, https:\/\/www.studioannes.fi\/sv\/wp-content\/uploads\/2025\/07\/miesten-mittapuvut-768x512.jpg 768w, https:\/\/www.studioannes.fi\/sv\/wp-content\/uploads\/2025\/07\/miesten-mittapuvut.jpg 1280w\" sizes=\"(max-width: 800px) 100vw, 800px\" \/>\t\t\t\t\t\t\t\t<\/a>\n\t\t\t\t\t\t\t\t\t\t\t\t\t\t\t<\/div>\n\t\t\t\t<\/div>\n\t\t\t\t\t<\/div>\n\t\t\t\t<\/div>\n\t\t<div class=\"elementor-element elementor-element-9108389 e-grid e-con-boxed e-con e-parent\" data-id=\"9108389\" data-element_type=\"container\">\n\t\t\t\t\t<div class=\"e-con-inner\">\n\t\t\t\t<div class=\"elementor-element elementor-element-6dbeaba elementor-widget elementor-widget-heading\" data-id=\"6dbeaba\" data-element_type=\"widget\" data-widget_type=\"heading.default\">\n\t\t\t\t<div class=\"elementor-widget-container\">\n\t\t\t\t\t<h2 class=\"elementor-heading-title elementor-size-default\"><a href=\"https:\/\/www.studioannes.fi\/sv\/estradkladsel\/\">estradkl\u00e4dsel<\/a><\/h2>\t\t\t\t<\/div>\n\t\t\t\t<\/div>\n\t\t\t\t<div class=\"elementor-element elementor-element-d0976be elementor-widget elementor-widget-heading\" data-id=\"d0976be\" data-element_type=\"widget\" data-widget_type=\"heading.default\">\n\t\t\t\t<div class=\"elementor-widget-container\">\n\t\t\t\t\t<h2 class=\"elementor-heading-title elementor-size-default\"><a href=\"https:\/\/www.studioannes.fi\/sv\/moderniseringar\/\">Moderniseringar<\/a><\/h2>\t\t\t\t<\/div>\n\t\t\t\t<\/div>\n\t\t\t\t<div class=\"elementor-element elementor-element-5c690a0 elementor-widget elementor-widget-heading\" data-id=\"5c690a0\" data-element_type=\"widget\" data-widget_type=\"heading.default\">\n\t\t\t\t<div class=\"elementor-widget-container\">\n\t\t\t\t\t<h2 class=\"elementor-heading-title elementor-size-default\"><a href=\"https:\/\/www.studioannes.fi\/sv\/skraddarsydda-herrkostymer\/\">skr\u00e4ddarsydda herrkostymer<\/a><\/h2>\t\t\t\t<\/div>\n\t\t\t\t<\/div>\n\t\t\t\t\t<\/div>\n\t\t\t\t<\/div>\n\t\t<div class=\"elementor-element elementor-element-e5e9f6c e-flex e-con-boxed e-con e-parent\" data-id=\"e5e9f6c\" data-element_type=\"container\">\n\t\t\t\t\t<div class=\"e-con-inner\">\n\t\t\t\t<div class=\"elementor-element elementor-element-05e06ba elementor-widget elementor-widget-html\" data-id=\"05e06ba\" data-element_type=\"widget\" data-widget_type=\"html.default\">\n\t\t\t\t<div class=\"elementor-widget-container\">\n\t\t\t\t\t<button\nid=\"scrollToTop\" onclick=\"window.scrollTo({top: 0, behavior: 'smooth'});\" \n        style=\"position: fixed; bottom: 20px; right: 10px; z-index: 1000; padding: 5px 10px; background-color: #00000020; color:grey; border: none; border-radius: 50%; cursor: pointer; font-size: 20px;\">\n    \n    <i class=\"fa fa-arrow-up\"><\/i> <!-- Font Awesome nuolikuva -->\n<\/button>\t\t\t\t<\/div>\n\t\t\t\t<\/div>\n\t\t\t\t\t<\/div>\n\t\t\t\t<\/div>\n\t\t\t\t<\/div>\n\t\t","protected":false},"excerpt":{"rendered":"<p>Tj\u00e4nster M\u00e5ttbest\u00e4llningss\u00f6mnad oms\u00f6mnad Kostymering estradkl\u00e4dsel Moderniseringar skr\u00e4ddarsydda herrkostymer<\/p>\n","protected":false},"author":1,"featured_media":0,"parent":0,"menu_order":4,"comment_status":"closed","ping_status":"closed","template":"elementor_header_footer","meta":{"footnotes":""},"class_list":["post-21","page","type-page","status-publish","hentry"],"_links":{"self":[{"href":"https:\/\/www.studioannes.fi\/sv\/wp-json\/wp\/v2\/pages\/21","targetHints":{"allow":["GET"]}}],"collection":[{"href":"https:\/\/www.studioannes.fi\/sv\/wp-json\/wp\/v2\/pages"}],"about":[{"href":"https:\/\/www.studioannes.fi\/sv\/wp-json\/wp\/v2\/types\/page"}],"author":[{"embeddable":true,"href":"https:\/\/www.studioannes.fi\/sv\/wp-json\/wp\/v2\/users\/1"}],"replies":[{"embeddable":true,"href":"https:\/\/www.studioannes.fi\/sv\/wp-json\/wp\/v2\/comments?post=21"}],"version-history":[{"count":82,"href":"https:\/\/www.studioannes.fi\/sv\/wp-json\/wp\/v2\/pages\/21\/revisions"}],"predecessor-version":[{"id":350,"href":"https:\/\/www.studioannes.fi\/sv\/wp-json\/wp\/v2\/pages\/21\/revisions\/350"}],"wp:attachment":[{"href":"https:\/\/www.studioannes.fi\/sv\/wp-json\/wp\/v2\/media?parent=21"}],"curies":[{"name":"wp","href":"https:\/\/api.w.org\/{rel}","templated":true}]}}