{"id":197,"date":"2025-07-11T20:01:29","date_gmt":"2025-07-11T17:01:29","guid":{"rendered":"https:\/\/www.studioannes.fi\/sv\/?page_id=197"},"modified":"2025-07-11T20:04:18","modified_gmt":"2025-07-11T17:04:18","slug":"skraddarsydda-herrkostymer","status":"publish","type":"page","link":"https:\/\/www.studioannes.fi\/sv\/skraddarsydda-herrkostymer\/","title":{"rendered":"skr\u00e4ddarsydda herrkostymer"},"content":{"rendered":"\t\t<div data-elementor-type=\"wp-page\" data-elementor-id=\"197\" class=\"elementor elementor-197\">\n\t\t\t\t<div class=\"elementor-element elementor-element-4c44b11 e-flex e-con-boxed e-con e-parent\" data-id=\"4c44b11\" data-element_type=\"container\">\n\t\t\t\t\t<div class=\"e-con-inner\">\n\t\t\t\t<div class=\"elementor-element elementor-element-c07d766 elementor-widget elementor-widget-spacer\" data-id=\"c07d766\" data-element_type=\"widget\" data-widget_type=\"spacer.default\">\n\t\t\t\t<div class=\"elementor-widget-container\">\n\t\t\t\t\t\t\t<div class=\"elementor-spacer\">\n\t\t\t<div class=\"elementor-spacer-inner\"><\/div>\n\t\t<\/div>\n\t\t\t\t\t\t<\/div>\n\t\t\t\t<\/div>\n\t\t\t\t\t<\/div>\n\t\t\t\t<\/div>\n\t\t<div class=\"elementor-element elementor-element-56054ad e-flex e-con-boxed e-con e-parent\" data-id=\"56054ad\" data-element_type=\"container\">\n\t\t\t\t\t<div class=\"e-con-inner\">\n\t\t\t\t<div class=\"elementor-element elementor-element-3fff74f elementor-widget elementor-widget-heading\" data-id=\"3fff74f\" data-element_type=\"widget\" data-widget_type=\"heading.default\">\n\t\t\t\t<div class=\"elementor-widget-container\">\n\t\t\t\t\t<h2 class=\"elementor-heading-title elementor-size-default\">skr\u00e4ddarsydda herrkostymer<\/h2>\t\t\t\t<\/div>\n\t\t\t\t<\/div>\n\t\t\t\t\t<\/div>\n\t\t\t\t<\/div>\n\t\t<div class=\"elementor-element elementor-element-cbbb3f9 e-flex e-con-boxed e-con e-parent\" data-id=\"cbbb3f9\" data-element_type=\"container\">\n\t\t\t\t\t<div class=\"e-con-inner\">\n\t\t\t\t<div class=\"elementor-element elementor-element-8f3b56d elementor-widget-divider--view-line elementor-widget elementor-widget-divider\" data-id=\"8f3b56d\" data-element_type=\"widget\" data-widget_type=\"divider.default\">\n\t\t\t\t<div class=\"elementor-widget-container\">\n\t\t\t\t\t\t\t<div class=\"elementor-divider\">\n\t\t\t<span class=\"elementor-divider-separator\">\n\t\t\t\t\t\t<\/span>\n\t\t<\/div>\n\t\t\t\t\t\t<\/div>\n\t\t\t\t<\/div>\n\t\t\t\t\t<\/div>\n\t\t\t\t<\/div>\n\t\t<div class=\"elementor-element elementor-element-ad059a0 e-flex e-con-boxed e-con e-parent\" data-id=\"ad059a0\" data-element_type=\"container\">\n\t\t\t\t\t<div class=\"e-con-inner\">\n\t\t\t\t<div class=\"elementor-element elementor-element-3ed4368 elementor-widget elementor-widget-text-editor\" data-id=\"3ed4368\" data-element_type=\"widget\" data-widget_type=\"text-editor.default\">\n\t\t\t\t<div class=\"elementor-widget-container\">\n\t\t\t\t\t\t\t\t\t<p data-start=\"34\" data-end=\"348\"><strong data-start=\"34\" data-end=\"153\">Studio Anne&#8217;s erbjuder nu som nyhet skr\u00e4ddarsydda herrkostymer i samarbete med en p\u00e5litlig thail\u00e4ndsk kostymatelj\u00e9.<\/strong><br data-start=\"153\" data-end=\"156\">Kostymen tillverkas individuellt efter m\u00e5tt, jag tar dina m\u00e5tt, kontrollerar passformen och g\u00f6r vid behov de sista justeringarna f\u00f6r att resultatet ska bli perfekt och v\u00e4lgjort, just f\u00f6r dig.<\/p>\n<p data-start=\"350\" data-end=\"479\">Oavsett om det g\u00e4ller fest, arbete eller n\u00e5got annat viktigt tillf\u00e4lle, framh\u00e4ver en m\u00e5ttsydd kostym din stil och sitter bekv\u00e4mt.<\/p>\n<p data-start=\"481\" data-end=\"580\"><strong data-start=\"481\" data-end=\"580\">V\u00e4lkommen p\u00e5 provning \u2013 l\u00e5t oss skapa en kostym d\u00e4r du k\u00e4nner dig sj\u00e4lvs\u00e4ker och representativ.<\/strong><\/p>\t\t\t\t\t\t\t\t<\/div>\n\t\t\t\t<\/div>\n\t\t\t\t\t<\/div>\n\t\t\t\t<\/div>\n\t\t\t\t<\/div>\n\t\t","protected":false},"excerpt":{"rendered":"<p>skr\u00e4ddarsydda herrkostymer Studio Anne&#8217;s erbjuder nu som nyhet skr\u00e4ddarsydda herrkostymer i samarbete med en p\u00e5litlig thail\u00e4ndsk kostymatelj\u00e9.Kostymen tillverkas individuellt efter m\u00e5tt, jag tar dina m\u00e5tt, kontrollerar passformen och g\u00f6r vid behov de sista justeringarna f\u00f6r att resultatet ska bli perfekt och v\u00e4lgjort, just f\u00f6r dig. Oavsett om det g\u00e4ller fest, arbete eller n\u00e5got annat viktigt [&hellip;]<\/p>\n","protected":false},"author":1,"featured_media":0,"parent":0,"menu_order":0,"comment_status":"closed","ping_status":"closed","template":"elementor_header_footer","meta":{"footnotes":""},"class_list":["post-197","page","type-page","status-publish","hentry"],"_links":{"self":[{"href":"https:\/\/www.studioannes.fi\/sv\/wp-json\/wp\/v2\/pages\/197","targetHints":{"allow":["GET"]}}],"collection":[{"href":"https:\/\/www.studioannes.fi\/sv\/wp-json\/wp\/v2\/pages"}],"about":[{"href":"https:\/\/www.studioannes.fi\/sv\/wp-json\/wp\/v2\/types\/page"}],"author":[{"embeddable":true,"href":"https:\/\/www.studioannes.fi\/sv\/wp-json\/wp\/v2\/users\/1"}],"replies":[{"embeddable":true,"href":"https:\/\/www.studioannes.fi\/sv\/wp-json\/wp\/v2\/comments?post=197"}],"version-history":[{"count":4,"href":"https:\/\/www.studioannes.fi\/sv\/wp-json\/wp\/v2\/pages\/197\/revisions"}],"predecessor-version":[{"id":202,"href":"https:\/\/www.studioannes.fi\/sv\/wp-json\/wp\/v2\/pages\/197\/revisions\/202"}],"wp:attachment":[{"href":"https:\/\/www.studioannes.fi\/sv\/wp-json\/wp\/v2\/media?parent=197"}],"curies":[{"name":"wp","href":"https:\/\/api.w.org\/{rel}","templated":true}]}}