{"id":189,"date":"2025-07-11T19:57:27","date_gmt":"2025-07-11T16:57:27","guid":{"rendered":"https:\/\/www.studioannes.fi\/sv\/?page_id=189"},"modified":"2025-07-11T20:00:44","modified_gmt":"2025-07-11T17:00:44","slug":"moderniseringar","status":"publish","type":"page","link":"https:\/\/www.studioannes.fi\/sv\/moderniseringar\/","title":{"rendered":"Moderniseringar"},"content":{"rendered":"\t\t<div data-elementor-type=\"wp-page\" data-elementor-id=\"189\" class=\"elementor elementor-189\">\n\t\t\t\t<div class=\"elementor-element elementor-element-3ddf893 e-flex e-con-boxed e-con e-parent\" data-id=\"3ddf893\" data-element_type=\"container\">\n\t\t\t\t\t<div class=\"e-con-inner\">\n\t\t\t\t<div class=\"elementor-element elementor-element-5e2a72e elementor-widget elementor-widget-spacer\" data-id=\"5e2a72e\" data-element_type=\"widget\" data-widget_type=\"spacer.default\">\n\t\t\t\t<div class=\"elementor-widget-container\">\n\t\t\t\t\t\t\t<div class=\"elementor-spacer\">\n\t\t\t<div class=\"elementor-spacer-inner\"><\/div>\n\t\t<\/div>\n\t\t\t\t\t\t<\/div>\n\t\t\t\t<\/div>\n\t\t\t\t\t<\/div>\n\t\t\t\t<\/div>\n\t\t<div class=\"elementor-element elementor-element-f900104 e-flex e-con-boxed e-con e-parent\" data-id=\"f900104\" data-element_type=\"container\">\n\t\t\t\t\t<div class=\"e-con-inner\">\n\t\t\t\t<div class=\"elementor-element elementor-element-1daac45 elementor-widget elementor-widget-heading\" data-id=\"1daac45\" data-element_type=\"widget\" data-widget_type=\"heading.default\">\n\t\t\t\t<div class=\"elementor-widget-container\">\n\t\t\t\t\t<h2 class=\"elementor-heading-title elementor-size-default\">Moderniseringar<\/h2>\t\t\t\t<\/div>\n\t\t\t\t<\/div>\n\t\t\t\t\t<\/div>\n\t\t\t\t<\/div>\n\t\t<div class=\"elementor-element elementor-element-030297a e-flex e-con-boxed e-con e-parent\" data-id=\"030297a\" data-element_type=\"container\">\n\t\t\t\t\t<div class=\"e-con-inner\">\n\t\t\t\t<div class=\"elementor-element elementor-element-785c832 elementor-widget-divider--view-line elementor-widget elementor-widget-divider\" data-id=\"785c832\" data-element_type=\"widget\" data-widget_type=\"divider.default\">\n\t\t\t\t<div class=\"elementor-widget-container\">\n\t\t\t\t\t\t\t<div class=\"elementor-divider\">\n\t\t\t<span class=\"elementor-divider-separator\">\n\t\t\t\t\t\t<\/span>\n\t\t<\/div>\n\t\t\t\t\t\t<\/div>\n\t\t\t\t<\/div>\n\t\t\t\t\t<\/div>\n\t\t\t\t<\/div>\n\t\t<div class=\"elementor-element elementor-element-de67709 e-flex e-con-boxed e-con e-parent\" data-id=\"de67709\" data-element_type=\"container\">\n\t\t\t\t\t<div class=\"e-con-inner\">\n\t\t\t\t<div class=\"elementor-element elementor-element-254a7aa elementor-widget elementor-widget-text-editor\" data-id=\"254a7aa\" data-element_type=\"widget\" data-widget_type=\"text-editor.default\">\n\t\t\t\t<div class=\"elementor-widget-container\">\n\t\t\t\t\t\t\t\t\t<p data-start=\"62\" data-end=\"119\"><strong data-start=\"62\" data-end=\"119\">Ommodellering att f\u00f6rnya det gamla i en modern anda<\/strong><\/p><p data-start=\"121\" data-end=\"423\">Ommodellering inneb\u00e4r att plagg eller andra textilier anpassas f\u00f6r att b\u00e4ttre passa dagens stil, anv\u00e4ndningsomr\u00e5de eller b\u00e4rarens personliga smak. Det \u00e4r ett s\u00e4tt att g\u00f6ra n\u00e5got nytt av det gamla, att bevara det b\u00e4sta med plagget men uppdatera utseendet eller passformen s\u00e5 att det k\u00e4nns r\u00e4tt i tiden.<\/p><p data-start=\"425\" data-end=\"739\">Ommodellering kan till exempel vara att ta in och forma en gammal, boxig kavaj s\u00e5 att den blir mer figurn\u00e4ra, vilket g\u00f6r plagget mer modernt och v\u00e4lsittande. Det kan ocks\u00e5 inneb\u00e4ra att man \u00e4ndrar eller tar bort detaljer som kragar, \u00e4rmar eller knappar, f\u00f6r att ge plagget ett fr\u00e4schare och mer personligt uttryck.<\/p>\t\t\t\t\t\t\t\t<\/div>\n\t\t\t\t<\/div>\n\t\t\t\t\t<\/div>\n\t\t\t\t<\/div>\n\t\t\t\t<\/div>\n\t\t","protected":false},"excerpt":{"rendered":"<p>Moderniseringar Ommodellering att f\u00f6rnya det gamla i en modern anda Ommodellering inneb\u00e4r att plagg eller andra textilier anpassas f\u00f6r att b\u00e4ttre passa dagens stil, anv\u00e4ndningsomr\u00e5de eller b\u00e4rarens personliga smak. Det \u00e4r ett s\u00e4tt att g\u00f6ra n\u00e5got nytt av det gamla, att bevara det b\u00e4sta med plagget men uppdatera utseendet eller passformen s\u00e5 att det k\u00e4nns [&hellip;]<\/p>\n","protected":false},"author":1,"featured_media":0,"parent":0,"menu_order":0,"comment_status":"closed","ping_status":"closed","template":"elementor_header_footer","meta":{"footnotes":""},"class_list":["post-189","page","type-page","status-publish","hentry"],"_links":{"self":[{"href":"https:\/\/www.studioannes.fi\/sv\/wp-json\/wp\/v2\/pages\/189","targetHints":{"allow":["GET"]}}],"collection":[{"href":"https:\/\/www.studioannes.fi\/sv\/wp-json\/wp\/v2\/pages"}],"about":[{"href":"https:\/\/www.studioannes.fi\/sv\/wp-json\/wp\/v2\/types\/page"}],"author":[{"embeddable":true,"href":"https:\/\/www.studioannes.fi\/sv\/wp-json\/wp\/v2\/users\/1"}],"replies":[{"embeddable":true,"href":"https:\/\/www.studioannes.fi\/sv\/wp-json\/wp\/v2\/comments?post=189"}],"version-history":[{"count":7,"href":"https:\/\/www.studioannes.fi\/sv\/wp-json\/wp\/v2\/pages\/189\/revisions"}],"predecessor-version":[{"id":196,"href":"https:\/\/www.studioannes.fi\/sv\/wp-json\/wp\/v2\/pages\/189\/revisions\/196"}],"wp:attachment":[{"href":"https:\/\/www.studioannes.fi\/sv\/wp-json\/wp\/v2\/media?parent=189"}],"curies":[{"name":"wp","href":"https:\/\/api.w.org\/{rel}","templated":true}]}}