{"id":184,"date":"2025-07-11T19:54:39","date_gmt":"2025-07-11T16:54:39","guid":{"rendered":"https:\/\/www.studioannes.fi\/sv\/?page_id=184"},"modified":"2025-07-11T19:57:05","modified_gmt":"2025-07-11T16:57:05","slug":"estradkladsel","status":"publish","type":"page","link":"https:\/\/www.studioannes.fi\/sv\/estradkladsel\/","title":{"rendered":"estradkl\u00e4dsel"},"content":{"rendered":"\t\t<div data-elementor-type=\"wp-page\" data-elementor-id=\"184\" class=\"elementor elementor-184\">\n\t\t\t\t<div class=\"elementor-element elementor-element-dc38869 e-flex e-con-boxed e-con e-parent\" data-id=\"dc38869\" data-element_type=\"container\">\n\t\t\t\t\t<div class=\"e-con-inner\">\n\t\t\t\t<div class=\"elementor-element elementor-element-3f37e61 elementor-widget elementor-widget-spacer\" data-id=\"3f37e61\" data-element_type=\"widget\" data-widget_type=\"spacer.default\">\n\t\t\t\t<div class=\"elementor-widget-container\">\n\t\t\t\t\t\t\t<div class=\"elementor-spacer\">\n\t\t\t<div class=\"elementor-spacer-inner\"><\/div>\n\t\t<\/div>\n\t\t\t\t\t\t<\/div>\n\t\t\t\t<\/div>\n\t\t\t\t\t<\/div>\n\t\t\t\t<\/div>\n\t\t<div class=\"elementor-element elementor-element-a3348d6 e-flex e-con-boxed e-con e-parent\" data-id=\"a3348d6\" data-element_type=\"container\">\n\t\t\t\t\t<div class=\"e-con-inner\">\n\t\t\t\t<div class=\"elementor-element elementor-element-b495f67 elementor-widget elementor-widget-heading\" data-id=\"b495f67\" data-element_type=\"widget\" data-widget_type=\"heading.default\">\n\t\t\t\t<div class=\"elementor-widget-container\">\n\t\t\t\t\t<h2 class=\"elementor-heading-title elementor-size-default\">estradkl\u00e4dsel<\/h2>\t\t\t\t<\/div>\n\t\t\t\t<\/div>\n\t\t\t\t\t<\/div>\n\t\t\t\t<\/div>\n\t\t<div class=\"elementor-element elementor-element-54d73ad e-flex e-con-boxed e-con e-parent\" data-id=\"54d73ad\" data-element_type=\"container\">\n\t\t\t\t\t<div class=\"e-con-inner\">\n\t\t\t\t<div class=\"elementor-element elementor-element-6fc0042 elementor-widget-divider--view-line elementor-widget elementor-widget-divider\" data-id=\"6fc0042\" data-element_type=\"widget\" data-widget_type=\"divider.default\">\n\t\t\t\t<div class=\"elementor-widget-container\">\n\t\t\t\t\t\t\t<div class=\"elementor-divider\">\n\t\t\t<span class=\"elementor-divider-separator\">\n\t\t\t\t\t\t<\/span>\n\t\t<\/div>\n\t\t\t\t\t\t<\/div>\n\t\t\t\t<\/div>\n\t\t\t\t\t<\/div>\n\t\t\t\t<\/div>\n\t\t<div class=\"elementor-element elementor-element-904afa5 e-flex e-con-boxed e-con e-parent\" data-id=\"904afa5\" data-element_type=\"container\">\n\t\t\t\t\t<div class=\"e-con-inner\">\n\t\t\t\t<div class=\"elementor-element elementor-element-c42d812 elementor-widget elementor-widget-text-editor\" data-id=\"c42d812\" data-element_type=\"widget\" data-widget_type=\"text-editor.default\">\n\t\t\t\t<div class=\"elementor-widget-container\">\n\t\t\t\t\t\t\t\t\t<p><strong data-start=\"34\" data-end=\"75\">Design och tillverkning av scenkl\u00e4der<\/strong><br data-start=\"75\" data-end=\"78\" \/>Jag designar och syr unika scenkl\u00e4der f\u00f6r olika tillf\u00e4llen och behov, till exempel f\u00f6r artister, dansare och m\u00e4sspersonal.<br data-start=\"201\" data-end=\"204\" \/>Varje plagg skapas i samarbete med kunden, med h\u00e4nsyn till upptr\u00e4dandets stil, praktiska behov, r\u00f6relsefrihet och det visuella intrycket.<br data-start=\"341\" data-end=\"344\" \/>Resultatet \u00e4r en i\u00f6gonfallande och funktionell helhet som st\u00e4rker artistens uttryck och f\u00f6rdjupar den visuella ber\u00e4ttelsen i framtr\u00e4dandet.<\/p>\t\t\t\t\t\t\t\t<\/div>\n\t\t\t\t<\/div>\n\t\t\t\t\t<\/div>\n\t\t\t\t<\/div>\n\t\t\t\t<\/div>\n\t\t","protected":false},"excerpt":{"rendered":"<p>estradkl\u00e4dsel Design och tillverkning av scenkl\u00e4derJag designar och syr unika scenkl\u00e4der f\u00f6r olika tillf\u00e4llen och behov, till exempel f\u00f6r artister, dansare och m\u00e4sspersonal.Varje plagg skapas i samarbete med kunden, med h\u00e4nsyn till upptr\u00e4dandets stil, praktiska behov, r\u00f6relsefrihet och det visuella intrycket.Resultatet \u00e4r en i\u00f6gonfallande och funktionell helhet som st\u00e4rker artistens uttryck och f\u00f6rdjupar den visuella [&hellip;]<\/p>\n","protected":false},"author":1,"featured_media":0,"parent":0,"menu_order":0,"comment_status":"closed","ping_status":"closed","template":"elementor_header_footer","meta":{"footnotes":""},"class_list":["post-184","page","type-page","status-publish","hentry"],"_links":{"self":[{"href":"https:\/\/www.studioannes.fi\/sv\/wp-json\/wp\/v2\/pages\/184","targetHints":{"allow":["GET"]}}],"collection":[{"href":"https:\/\/www.studioannes.fi\/sv\/wp-json\/wp\/v2\/pages"}],"about":[{"href":"https:\/\/www.studioannes.fi\/sv\/wp-json\/wp\/v2\/types\/page"}],"author":[{"embeddable":true,"href":"https:\/\/www.studioannes.fi\/sv\/wp-json\/wp\/v2\/users\/1"}],"replies":[{"embeddable":true,"href":"https:\/\/www.studioannes.fi\/sv\/wp-json\/wp\/v2\/comments?post=184"}],"version-history":[{"count":4,"href":"https:\/\/www.studioannes.fi\/sv\/wp-json\/wp\/v2\/pages\/184\/revisions"}],"predecessor-version":[{"id":188,"href":"https:\/\/www.studioannes.fi\/sv\/wp-json\/wp\/v2\/pages\/184\/revisions\/188"}],"wp:attachment":[{"href":"https:\/\/www.studioannes.fi\/sv\/wp-json\/wp\/v2\/media?parent=184"}],"curies":[{"name":"wp","href":"https:\/\/api.w.org\/{rel}","templated":true}]}}