{"id":176,"date":"2025-07-11T19:53:03","date_gmt":"2025-07-11T16:53:03","guid":{"rendered":"https:\/\/www.studioannes.fi\/sv\/?page_id=176"},"modified":"2025-07-11T19:54:21","modified_gmt":"2025-07-11T16:54:21","slug":"kostymering","status":"publish","type":"page","link":"https:\/\/www.studioannes.fi\/sv\/kostymering\/","title":{"rendered":"Kostymering"},"content":{"rendered":"\t\t<div data-elementor-type=\"wp-page\" data-elementor-id=\"176\" class=\"elementor elementor-176\">\n\t\t\t\t<div class=\"elementor-element elementor-element-f5aaa0e e-flex e-con-boxed e-con e-parent\" data-id=\"f5aaa0e\" data-element_type=\"container\">\n\t\t\t\t\t<div class=\"e-con-inner\">\n\t\t\t\t<div class=\"elementor-element elementor-element-f447344 elementor-widget elementor-widget-spacer\" data-id=\"f447344\" data-element_type=\"widget\" data-widget_type=\"spacer.default\">\n\t\t\t\t<div class=\"elementor-widget-container\">\n\t\t\t\t\t\t\t<div class=\"elementor-spacer\">\n\t\t\t<div class=\"elementor-spacer-inner\"><\/div>\n\t\t<\/div>\n\t\t\t\t\t\t<\/div>\n\t\t\t\t<\/div>\n\t\t\t\t\t<\/div>\n\t\t\t\t<\/div>\n\t\t<div class=\"elementor-element elementor-element-efcc02b e-flex e-con-boxed e-con e-parent\" data-id=\"efcc02b\" data-element_type=\"container\">\n\t\t\t\t\t<div class=\"e-con-inner\">\n\t\t\t\t<div class=\"elementor-element elementor-element-8363440 elementor-widget elementor-widget-heading\" data-id=\"8363440\" data-element_type=\"widget\" data-widget_type=\"heading.default\">\n\t\t\t\t<div class=\"elementor-widget-container\">\n\t\t\t\t\t<h2 class=\"elementor-heading-title elementor-size-default\">Kostymering<\/h2>\t\t\t\t<\/div>\n\t\t\t\t<\/div>\n\t\t\t\t\t<\/div>\n\t\t\t\t<\/div>\n\t\t<div class=\"elementor-element elementor-element-699dcfb e-flex e-con-boxed e-con e-parent\" data-id=\"699dcfb\" data-element_type=\"container\">\n\t\t\t\t\t<div class=\"e-con-inner\">\n\t\t\t\t<div class=\"elementor-element elementor-element-3ea1103 elementor-widget-divider--view-line elementor-widget elementor-widget-divider\" data-id=\"3ea1103\" data-element_type=\"widget\" data-widget_type=\"divider.default\">\n\t\t\t\t<div class=\"elementor-widget-container\">\n\t\t\t\t\t\t\t<div class=\"elementor-divider\">\n\t\t\t<span class=\"elementor-divider-separator\">\n\t\t\t\t\t\t<\/span>\n\t\t<\/div>\n\t\t\t\t\t\t<\/div>\n\t\t\t\t<\/div>\n\t\t\t\t\t<\/div>\n\t\t\t\t<\/div>\n\t\t<div class=\"elementor-element elementor-element-f272e90 e-flex e-con-boxed e-con e-parent\" data-id=\"f272e90\" data-element_type=\"container\">\n\t\t\t\t\t<div class=\"e-con-inner\">\n\t\t\t\t<div class=\"elementor-element elementor-element-ccca281 elementor-widget elementor-widget-text-editor\" data-id=\"ccca281\" data-element_type=\"widget\" data-widget_type=\"text-editor.default\">\n\t\t\t\t<div class=\"elementor-widget-container\">\n\t\t\t\t\t\t\t\t\t<p data-start=\"34\" data-end=\"579\"><strong data-start=\"34\" data-end=\"79\">Planering och genomf\u00f6rande av kostymering<\/strong><br data-start=\"79\" data-end=\"82\" \/>Jag skapar kostymer f\u00f6r olika typer av f\u00f6rest\u00e4llningar, s\u00e5som teaterpj\u00e4ser, konserter och andra scenframtr\u00e4danden.<br data-start=\"196\" data-end=\"199\" \/>I planeringen l\u00e4ggs tonvikten p\u00e5 det visuella uttrycket, att st\u00f6tta ber\u00e4ttandet och att f\u00f6rst\u00e4rka st\u00e4mningen i f\u00f6rest\u00e4llningen.<br data-start=\"326\" data-end=\"329\" \/>Varje kostymhelhet utformas enligt temat, tidsperioden och karakt\u00e4rerna i f\u00f6rest\u00e4llningen \u2013 utan att gl\u00f6mma praktiska aspekter och r\u00f6relsefrihet f\u00f6r artisten.<br data-start=\"487\" data-end=\"490\" \/>M\u00e5let \u00e4r att skapa en imponerande och funktionell helhet som v\u00e4cker ber\u00e4ttelsen till liv.<\/p>\t\t\t\t\t\t\t\t<\/div>\n\t\t\t\t<\/div>\n\t\t\t\t\t<\/div>\n\t\t\t\t<\/div>\n\t\t\t\t<\/div>\n\t\t","protected":false},"excerpt":{"rendered":"<p>Kostymering Planering och genomf\u00f6rande av kostymeringJag skapar kostymer f\u00f6r olika typer av f\u00f6rest\u00e4llningar, s\u00e5som teaterpj\u00e4ser, konserter och andra scenframtr\u00e4danden.I planeringen l\u00e4ggs tonvikten p\u00e5 det visuella uttrycket, att st\u00f6tta ber\u00e4ttandet och att f\u00f6rst\u00e4rka st\u00e4mningen i f\u00f6rest\u00e4llningen.Varje kostymhelhet utformas enligt temat, tidsperioden och karakt\u00e4rerna i f\u00f6rest\u00e4llningen \u2013 utan att gl\u00f6mma praktiska aspekter och r\u00f6relsefrihet f\u00f6r artisten.M\u00e5let \u00e4r [&hellip;]<\/p>\n","protected":false},"author":1,"featured_media":0,"parent":0,"menu_order":0,"comment_status":"closed","ping_status":"closed","template":"elementor_header_footer","meta":{"footnotes":""},"class_list":["post-176","page","type-page","status-publish","hentry"],"_links":{"self":[{"href":"https:\/\/www.studioannes.fi\/sv\/wp-json\/wp\/v2\/pages\/176","targetHints":{"allow":["GET"]}}],"collection":[{"href":"https:\/\/www.studioannes.fi\/sv\/wp-json\/wp\/v2\/pages"}],"about":[{"href":"https:\/\/www.studioannes.fi\/sv\/wp-json\/wp\/v2\/types\/page"}],"author":[{"embeddable":true,"href":"https:\/\/www.studioannes.fi\/sv\/wp-json\/wp\/v2\/users\/1"}],"replies":[{"embeddable":true,"href":"https:\/\/www.studioannes.fi\/sv\/wp-json\/wp\/v2\/comments?post=176"}],"version-history":[{"count":4,"href":"https:\/\/www.studioannes.fi\/sv\/wp-json\/wp\/v2\/pages\/176\/revisions"}],"predecessor-version":[{"id":180,"href":"https:\/\/www.studioannes.fi\/sv\/wp-json\/wp\/v2\/pages\/176\/revisions\/180"}],"wp:attachment":[{"href":"https:\/\/www.studioannes.fi\/sv\/wp-json\/wp\/v2\/media?parent=176"}],"curies":[{"name":"wp","href":"https:\/\/api.w.org\/{rel}","templated":true}]}}