{"id":168,"date":"2025-07-11T19:47:43","date_gmt":"2025-07-11T16:47:43","guid":{"rendered":"https:\/\/www.studioannes.fi\/sv\/?page_id=168"},"modified":"2025-07-11T19:49:46","modified_gmt":"2025-07-11T16:49:46","slug":"omsomnad","status":"publish","type":"page","link":"https:\/\/www.studioannes.fi\/sv\/omsomnad\/","title":{"rendered":"oms\u00f6mnad"},"content":{"rendered":"\t\t<div data-elementor-type=\"wp-page\" data-elementor-id=\"168\" class=\"elementor elementor-168\">\n\t\t\t\t<div class=\"elementor-element elementor-element-88ede99 e-flex e-con-boxed e-con e-parent\" data-id=\"88ede99\" data-element_type=\"container\">\n\t\t\t\t\t<div class=\"e-con-inner\">\n\t\t\t\t<div class=\"elementor-element elementor-element-f4f7068 elementor-widget elementor-widget-spacer\" data-id=\"f4f7068\" data-element_type=\"widget\" data-widget_type=\"spacer.default\">\n\t\t\t\t<div class=\"elementor-widget-container\">\n\t\t\t\t\t\t\t<div class=\"elementor-spacer\">\n\t\t\t<div class=\"elementor-spacer-inner\"><\/div>\n\t\t<\/div>\n\t\t\t\t\t\t<\/div>\n\t\t\t\t<\/div>\n\t\t\t\t\t<\/div>\n\t\t\t\t<\/div>\n\t\t<div class=\"elementor-element elementor-element-0fb7cb8 e-flex e-con-boxed e-con e-parent\" data-id=\"0fb7cb8\" data-element_type=\"container\">\n\t\t\t\t\t<div class=\"e-con-inner\">\n\t\t\t\t<div class=\"elementor-element elementor-element-97736e7 elementor-widget elementor-widget-heading\" data-id=\"97736e7\" data-element_type=\"widget\" data-widget_type=\"heading.default\">\n\t\t\t\t<div class=\"elementor-widget-container\">\n\t\t\t\t\t<h2 class=\"elementor-heading-title elementor-size-default\">oms\u00f6mnad<\/h2>\t\t\t\t<\/div>\n\t\t\t\t<\/div>\n\t\t\t\t\t<\/div>\n\t\t\t\t<\/div>\n\t\t<div class=\"elementor-element elementor-element-cba4e1a e-flex e-con-boxed e-con e-parent\" data-id=\"cba4e1a\" data-element_type=\"container\">\n\t\t\t\t\t<div class=\"e-con-inner\">\n\t\t\t\t<div class=\"elementor-element elementor-element-b47eaf2 elementor-widget-divider--view-line elementor-widget elementor-widget-divider\" data-id=\"b47eaf2\" data-element_type=\"widget\" data-widget_type=\"divider.default\">\n\t\t\t\t<div class=\"elementor-widget-container\">\n\t\t\t\t\t\t\t<div class=\"elementor-divider\">\n\t\t\t<span class=\"elementor-divider-separator\">\n\t\t\t\t\t\t<\/span>\n\t\t<\/div>\n\t\t\t\t\t\t<\/div>\n\t\t\t\t<\/div>\n\t\t\t\t\t<\/div>\n\t\t\t\t<\/div>\n\t\t<div class=\"elementor-element elementor-element-051a617 e-flex e-con-boxed e-con e-parent\" data-id=\"051a617\" data-element_type=\"container\">\n\t\t\t\t\t<div class=\"e-con-inner\">\n\t\t\t\t<div class=\"elementor-element elementor-element-a480219 elementor-widget elementor-widget-text-editor\" data-id=\"a480219\" data-element_type=\"widget\" data-widget_type=\"text-editor.default\">\n\t\t\t\t<div class=\"elementor-widget-container\">\n\t\t\t\t\t\t\t\t\t<p data-start=\"34\" data-end=\"110\"><strong data-start=\"34\" data-end=\"110\">Jag erbjuder m\u00e5ngsidiga s\u00f6mnadsreparationer f\u00f6r kl\u00e4der och hemtextilier.<\/strong><\/p><p data-start=\"112\" data-end=\"147\">Till mina tj\u00e4nster h\u00f6r bland annat:<\/p><ul data-start=\"149\" data-end=\"333\"><li data-start=\"149\" data-end=\"171\"><p data-start=\"151\" data-end=\"171\">Byte av dragkedjor<\/p><\/li><li data-start=\"172\" data-end=\"200\"><p data-start=\"174\" data-end=\"200\">Lagning av h\u00e5l och revor<\/p><\/li><li data-start=\"201\" data-end=\"239\"><p data-start=\"203\" data-end=\"239\">Intagning och uts\u00e4ttning av kl\u00e4der<\/p><\/li><li data-start=\"240\" data-end=\"292\"><p data-start=\"242\" data-end=\"292\">F\u00f6rkortning och f\u00f6rl\u00e4ngning av f\u00e5llar och byxben<\/p><\/li><li data-start=\"293\" data-end=\"333\"><p data-start=\"295\" data-end=\"333\">Andra sm\u00e5 reparationer och \u00e4ndringar<\/p><\/li><\/ul><p data-start=\"335\" data-end=\"423\">Genom att reparera sparar du b\u00e5de pengar och milj\u00f6 \u2013 l\u00e4mna in dina kl\u00e4der f\u00f6r f\u00f6rnyelse!<\/p>\t\t\t\t\t\t\t\t<\/div>\n\t\t\t\t<\/div>\n\t\t\t\t\t<\/div>\n\t\t\t\t<\/div>\n\t\t\t\t<\/div>\n\t\t","protected":false},"excerpt":{"rendered":"<p>oms\u00f6mnad Jag erbjuder m\u00e5ngsidiga s\u00f6mnadsreparationer f\u00f6r kl\u00e4der och hemtextilier. Till mina tj\u00e4nster h\u00f6r bland annat: Byte av dragkedjor Lagning av h\u00e5l och revor Intagning och uts\u00e4ttning av kl\u00e4der F\u00f6rkortning och f\u00f6rl\u00e4ngning av f\u00e5llar och byxben Andra sm\u00e5 reparationer och \u00e4ndringar Genom att reparera sparar du b\u00e5de pengar och milj\u00f6 \u2013 l\u00e4mna in dina kl\u00e4der f\u00f6r [&hellip;]<\/p>\n","protected":false},"author":1,"featured_media":0,"parent":0,"menu_order":0,"comment_status":"closed","ping_status":"closed","template":"elementor_header_footer","meta":{"footnotes":""},"class_list":["post-168","page","type-page","status-publish","hentry"],"_links":{"self":[{"href":"https:\/\/www.studioannes.fi\/sv\/wp-json\/wp\/v2\/pages\/168","targetHints":{"allow":["GET"]}}],"collection":[{"href":"https:\/\/www.studioannes.fi\/sv\/wp-json\/wp\/v2\/pages"}],"about":[{"href":"https:\/\/www.studioannes.fi\/sv\/wp-json\/wp\/v2\/types\/page"}],"author":[{"embeddable":true,"href":"https:\/\/www.studioannes.fi\/sv\/wp-json\/wp\/v2\/users\/1"}],"replies":[{"embeddable":true,"href":"https:\/\/www.studioannes.fi\/sv\/wp-json\/wp\/v2\/comments?post=168"}],"version-history":[{"count":4,"href":"https:\/\/www.studioannes.fi\/sv\/wp-json\/wp\/v2\/pages\/168\/revisions"}],"predecessor-version":[{"id":172,"href":"https:\/\/www.studioannes.fi\/sv\/wp-json\/wp\/v2\/pages\/168\/revisions\/172"}],"wp:attachment":[{"href":"https:\/\/www.studioannes.fi\/sv\/wp-json\/wp\/v2\/media?parent=168"}],"curies":[{"name":"wp","href":"https:\/\/api.w.org\/{rel}","templated":true}]}}