{"id":153,"date":"2025-07-11T19:23:26","date_gmt":"2025-07-11T16:23:26","guid":{"rendered":"https:\/\/www.studioannes.fi\/sv\/?page_id=153"},"modified":"2025-07-11T19:24:30","modified_gmt":"2025-07-11T16:24:30","slug":"mattbestallningssomnad","status":"publish","type":"page","link":"https:\/\/www.studioannes.fi\/sv\/mattbestallningssomnad\/","title":{"rendered":"M\u00e5ttbest\u00e4llningss\u00f6mnad"},"content":{"rendered":"\t\t<div data-elementor-type=\"wp-page\" data-elementor-id=\"153\" class=\"elementor elementor-153\">\n\t\t\t\t<div class=\"elementor-element elementor-element-73480fd e-flex e-con-boxed e-con e-parent\" data-id=\"73480fd\" data-element_type=\"container\">\n\t\t\t\t\t<div class=\"e-con-inner\">\n\t\t\t\t<div class=\"elementor-element elementor-element-5febc6b elementor-widget elementor-widget-spacer\" data-id=\"5febc6b\" data-element_type=\"widget\" data-widget_type=\"spacer.default\">\n\t\t\t\t<div class=\"elementor-widget-container\">\n\t\t\t\t\t\t\t<div class=\"elementor-spacer\">\n\t\t\t<div class=\"elementor-spacer-inner\"><\/div>\n\t\t<\/div>\n\t\t\t\t\t\t<\/div>\n\t\t\t\t<\/div>\n\t\t\t\t\t<\/div>\n\t\t\t\t<\/div>\n\t\t<div class=\"elementor-element elementor-element-0802501 e-flex e-con-boxed e-con e-parent\" data-id=\"0802501\" data-element_type=\"container\">\n\t\t\t\t\t<div class=\"e-con-inner\">\n\t\t\t\t<div class=\"elementor-element elementor-element-a687195 elementor-widget elementor-widget-heading\" data-id=\"a687195\" data-element_type=\"widget\" data-widget_type=\"heading.default\">\n\t\t\t\t<div class=\"elementor-widget-container\">\n\t\t\t\t\t<h2 class=\"elementor-heading-title elementor-size-default\">M\u00e5ttbest\u00e4llningss\u00f6mnad <\/h2>\t\t\t\t<\/div>\n\t\t\t\t<\/div>\n\t\t\t\t\t<\/div>\n\t\t\t\t<\/div>\n\t\t<div class=\"elementor-element elementor-element-84fdfce e-flex e-con-boxed e-con e-parent\" data-id=\"84fdfce\" data-element_type=\"container\">\n\t\t\t\t\t<div class=\"e-con-inner\">\n\t\t\t\t<div class=\"elementor-element elementor-element-3c64970 elementor-widget-divider--view-line elementor-widget elementor-widget-divider\" data-id=\"3c64970\" data-element_type=\"widget\" data-widget_type=\"divider.default\">\n\t\t\t\t<div class=\"elementor-widget-container\">\n\t\t\t\t\t\t\t<div class=\"elementor-divider\">\n\t\t\t<span class=\"elementor-divider-separator\">\n\t\t\t\t\t\t<\/span>\n\t\t<\/div>\n\t\t\t\t\t\t<\/div>\n\t\t\t\t<\/div>\n\t\t\t\t\t<\/div>\n\t\t\t\t<\/div>\n\t\t<div class=\"elementor-element elementor-element-f9b23c2 e-flex e-con-boxed e-con e-parent\" data-id=\"f9b23c2\" data-element_type=\"container\">\n\t\t\t\t\t<div class=\"e-con-inner\">\n\t\t\t\t<div class=\"elementor-element elementor-element-d14f5e1 elementor-widget elementor-widget-text-editor\" data-id=\"d14f5e1\" data-element_type=\"widget\" data-widget_type=\"text-editor.default\">\n\t\t\t\t<div class=\"elementor-widget-container\">\n\t\t\t\t\t\t\t\t\t<p data-start=\"35\" data-end=\"93\"><strong data-start=\"35\" data-end=\"93\">Jag syr kl\u00e4der individuellt efter m\u00e5tt,\u00a0 just f\u00f6r dig.<\/strong><\/p><p data-start=\"95\" data-end=\"496\">Oavsett om det handlar om en vardagsdr\u00e4kt, festkl\u00e4der eller ett helt unikt plagg, garanterar m\u00e5ttbest\u00e4lld s\u00f6mnad en perfekt passform och ett resultat som passar just din stil.<br data-start=\"270\" data-end=\"273\" \/>Designen utg\u00e5r fr\u00e5n dina \u00f6nskem\u00e5l och m\u00e5tten tas noggrant, s\u00e5 att slutresultatet b\u00e5de k\u00e4nns och ser bra ut.<br data-start=\"380\" data-end=\"383\" \/>Du kan komma med din egen id\u00e9 \u2013 eller s\u00e5 skapar vi tillsammans.<br data-start=\"446\" data-end=\"449\" \/>Arbetet utf\u00f6rs med yrkesskicklighet och omsorg.<\/p>\t\t\t\t\t\t\t\t<\/div>\n\t\t\t\t<\/div>\n\t\t\t\t\t<\/div>\n\t\t\t\t<\/div>\n\t\t\t\t<\/div>\n\t\t","protected":false},"excerpt":{"rendered":"<p>M\u00e5ttbest\u00e4llningss\u00f6mnad Jag syr kl\u00e4der individuellt efter m\u00e5tt,\u00a0 just f\u00f6r dig. Oavsett om det handlar om en vardagsdr\u00e4kt, festkl\u00e4der eller ett helt unikt plagg, garanterar m\u00e5ttbest\u00e4lld s\u00f6mnad en perfekt passform och ett resultat som passar just din stil.Designen utg\u00e5r fr\u00e5n dina \u00f6nskem\u00e5l och m\u00e5tten tas noggrant, s\u00e5 att slutresultatet b\u00e5de k\u00e4nns och ser bra ut.Du kan [&hellip;]<\/p>\n","protected":false},"author":1,"featured_media":0,"parent":0,"menu_order":0,"comment_status":"closed","ping_status":"closed","template":"elementor_header_footer","meta":{"footnotes":""},"class_list":["post-153","page","type-page","status-publish","hentry"],"_links":{"self":[{"href":"https:\/\/www.studioannes.fi\/sv\/wp-json\/wp\/v2\/pages\/153","targetHints":{"allow":["GET"]}}],"collection":[{"href":"https:\/\/www.studioannes.fi\/sv\/wp-json\/wp\/v2\/pages"}],"about":[{"href":"https:\/\/www.studioannes.fi\/sv\/wp-json\/wp\/v2\/types\/page"}],"author":[{"embeddable":true,"href":"https:\/\/www.studioannes.fi\/sv\/wp-json\/wp\/v2\/users\/1"}],"replies":[{"embeddable":true,"href":"https:\/\/www.studioannes.fi\/sv\/wp-json\/wp\/v2\/comments?post=153"}],"version-history":[{"count":4,"href":"https:\/\/www.studioannes.fi\/sv\/wp-json\/wp\/v2\/pages\/153\/revisions"}],"predecessor-version":[{"id":157,"href":"https:\/\/www.studioannes.fi\/sv\/wp-json\/wp\/v2\/pages\/153\/revisions\/157"}],"wp:attachment":[{"href":"https:\/\/www.studioannes.fi\/sv\/wp-json\/wp\/v2\/media?parent=153"}],"curies":[{"name":"wp","href":"https:\/\/api.w.org\/{rel}","templated":true}]}}